{"id":1936,"date":"2020-11-15T00:15:40","date_gmt":"2020-11-14T23:15:40","guid":{"rendered":"https:\/\/www.rhinefeierzentrale.de\/rhinefeier1\/?page_id=1936"},"modified":"2020-11-16T16:19:25","modified_gmt":"2020-11-16T15:19:25","slug":"akp-sessionsheft","status":"publish","type":"page","link":"https:\/\/www.rhinefeierzentrale.de\/rhinefeier1\/schaltzentrale\/ins-n-outs\/akp-sessionsheft\/","title":{"rendered":"Die f\u00fcnfte Jahreszeit"},"content":{"rendered":"\t\t<div data-elementor-type=\"wp-page\" data-elementor-id=\"1936\" class=\"elementor elementor-1936\" data-elementor-post-type=\"page\">\n\t\t\t\t\t\t\t\t\t<section class=\"elementor-section elementor-top-section elementor-element elementor-element-859bc6e elementor-section-height-min-height elementor-section-items-bottom elementor-section-boxed elementor-section-height-default\" data-id=\"859bc6e\" data-element_type=\"section\" data-settings=\"{&quot;background_background&quot;:&quot;classic&quot;}\">\n\t\t\t\t\t\t<div class=\"elementor-container elementor-column-gap-default\">\n\t\t\t\t\t<div class=\"elementor-column elementor-col-100 elementor-top-column elementor-element elementor-element-303b83e\" data-id=\"303b83e\" data-element_type=\"column\">\n\t\t\t<div class=\"elementor-widget-wrap elementor-element-populated\">\n\t\t\t\t\t\t\t\t<section class=\"elementor-section elementor-inner-section elementor-element elementor-element-8dd3ff7 elementor-section-boxed elementor-section-height-default elementor-section-height-default\" data-id=\"8dd3ff7\" data-element_type=\"section\">\n\t\t\t\t\t\t<div class=\"elementor-container elementor-column-gap-default\">\n\t\t\t\t\t<div class=\"elementor-column elementor-col-50 elementor-inner-column elementor-element elementor-element-0589ae6\" data-id=\"0589ae6\" data-element_type=\"column\">\n\t\t\t<div class=\"elementor-widget-wrap\">\n\t\t\t\t\t\t\t\t\t<\/div>\n\t\t<\/div>\n\t\t\t\t<div class=\"elementor-column elementor-col-50 elementor-inner-column elementor-element elementor-element-046643f\" data-id=\"046643f\" data-element_type=\"column\">\n\t\t\t<div class=\"elementor-widget-wrap elementor-element-populated\">\n\t\t\t\t\t\t\t\t<div class=\"elementor-element elementor-element-4c6751c elementor-widget elementor-widget-heading\" data-id=\"4c6751c\" data-element_type=\"widget\" data-widget_type=\"heading.default\">\n\t\t\t\t<div class=\"elementor-widget-container\">\n\t\t\t<h2 class=\"elementor-heading-title elementor-size-default\">Die Phantom-Session<\/h2>\t\t<\/div>\n\t\t\t\t<\/div>\n\t\t\t\t<div class=\"elementor-element elementor-element-b927feb elementor-widget elementor-widget-text-editor\" data-id=\"b927feb\" data-element_type=\"widget\" data-widget_type=\"text-editor.default\">\n\t\t\t\t<div class=\"elementor-widget-container\">\n\t\t\t\t\t\t\t<p>\u2013 Sessionsheft 2020\/21 zum kostenlosen Download \u2013<\/p>\t\t\t\t\t\t<\/div>\n\t\t\t\t<\/div>\n\t\t\t\t\t<\/div>\n\t\t<\/div>\n\t\t\t\t\t\t\t<\/div>\n\t\t<\/section>\n\t\t\t\t\t<\/div>\n\t\t<\/div>\n\t\t\t\t\t\t\t<\/div>\n\t\t<\/section>\n\t\t\t\t<section class=\"elementor-section elementor-top-section elementor-element elementor-element-c890064 elementor-section-boxed elementor-section-height-default elementor-section-height-default\" data-id=\"c890064\" data-element_type=\"section\">\n\t\t\t\t\t\t<div class=\"elementor-container elementor-column-gap-default\">\n\t\t\t\t\t<div class=\"elementor-column elementor-col-100 elementor-top-column elementor-element elementor-element-89d1934\" data-id=\"89d1934\" data-element_type=\"column\">\n\t\t\t<div class=\"elementor-widget-wrap elementor-element-populated\">\n\t\t\t\t\t\t\t\t<div class=\"elementor-element elementor-element-46dd3b9 elementor-widget elementor-widget-text-editor\" data-id=\"46dd3b9\" data-element_type=\"widget\" data-widget_type=\"text-editor.default\">\n\t\t\t\t<div class=\"elementor-widget-container\">\n\t\t\t\t\t\t\t<p>Ob der ungekr\u00f6nte bayerische K\u00f6nig von eigenen Gnaden Markus I. S\u00f6der oder unser aller Bundesraute Angela Merkel bei ihren Beratungen zum Thema Lockdown auch an die Karnevalisten im Rheinland gedacht haben? Eher nicht, stelle ich mal ganz dreist in den Raum. Und kann die beiden sogar verstehen, denn in der Gesamtperspektive nimmt sich diese rheinische Tradition mit gelegentlichen regionalen Ablegern (Fasnacht, oder wie das hei\u00dft), eher wie ein Nebenschauplatz aus. F\u00fcr die Betroffenen bricht dagegen \u2013 je nach Typ und Engagement &#8211; eine Welt zusammen. Die Vereine versuchen, die Totalausfall der Session 2020\/21 irgendwie zu kompensieren.<\/p>\t\t\t\t\t\t<\/div>\n\t\t\t\t<\/div>\n\t\t\t\t<div class=\"elementor-element elementor-element-7a19966 elementor-widget elementor-widget-text-editor\" data-id=\"7a19966\" data-element_type=\"widget\" data-widget_type=\"text-editor.default\">\n\t\t\t\t<div class=\"elementor-widget-container\">\n\t\t\t\t\t\t\t<p>Zun\u00e4chst ist es Zeit f\u00fcr ein Gest\u00e4ndnis: Ich, der \u00fcberzeugte Stra\u00dfenkarnevalist und &#8211; bis zu einem gewissen Grad &#8211; Karnevalsanarchist bin tats\u00e4chlich Mitglied im organisierten Karneval. Und das sogar in zwei Vereinen, bei den Kleefbotze in Friesdorf allerdings nur als Karteileiche. Etwas mehr Engagement erdulden die Mitglieder der AKP \u2013 die Abk\u00fcrzung steht f\u00fcr Allgemeine Karnevalsgesellschaft Prinzengarde (Bad Godesberg) 1947. e.V. (Das e.V. wird gew\u00f6hnlich bei \u00f6ffentlichen Nennungen gebr\u00fcllt). Irrsinnig viel bekommt die Garde aber nicht von mir zu sehen, bislang ist lediglich das Sessionsheft seit ein paar Jahren auf meinem Mist (ok, Mac) gewachsen. Und auch wenn ich dem Ausfall des Stra\u00dfenkarnevals echt hinterher weine, das ist nichts gegen das, was unsere wirklich engagierten Mitglieder f\u00fchlen m\u00fcssen.<\/p><h4><span style=\"color: #ff0000;\">Killer f\u00fcr Motivation und Mitgliederzahlen<\/span><\/h4><p>Einige haben im letzten Sommer unser Zeughaus teilweise renoviert, andere k\u00fcmmern sich mit Herzblut darum, dass sich dieses Geb\u00e4ude durch Vermietungen zumindest teilweise refinanziert, unser Tanzcorps \u00fcbt normalerweise den ganzen Sommer f\u00fcr die Auftritte und die Waffengattungen versuchen, ihre Mitglieder bei Laune und zusammen zu halten. Und dann das: Aus! F\u00fcr die komplette Session 2020\/21. Auch wenn&#8217;s vielleicht noch nicht bis ins letzte so offiziell sein mag, aber das ist die Lage. Sowas demotiviert \u00fcber alle Ma\u00dfen. Was macht ein Tanzcorps, dass \u00fcber Monate nicht trainieren kann? Was n\u00fctzt ein frisch in Schuss gebrachtes, an sich bestens zu vermietendes Zeughaus, wenn es nicht vermietet werden darf? Die Auswirkungen k\u00f6nnen potenziell fatal sein: Menschen, die sehr lange Zeit ein Hobby nicht aus\u00fcben k\u00f6nnen, verlieren vielleicht die Lust daran und suchen sich etwas neues. Andere, l\u00e4nger &#8222;gediente&#8220; ziehen m\u00f6glicherweise ihren ohnehin geplanten Wechsel auf&#8217;s karnevalistische Altenteil etwas vor. Und wer jetzt etwas von &#8222;guter Zeitpunkt f\u00fcr einen Generationswechsel&#8220; vor sich hin murmelt, der hat, mit Verlaub, den Schuss nicht geh\u00f6rt. Auf welche Generation denn bitte? Die Nachwuchssituation in nahezu allen ehrenamtlichen Vereinen und Organisationen ist miserabel. Und mit so einer ausgefallenen Session ist schlecht Mitglieder werben.<\/p><h4><span style=\"color: #ff0000;\">Finanziell wird&#8217;s f\u00fcr alle eng<\/span><\/h4><p>Die durch, zumindest denkbare, Austritte und fehlenden Neueintritte belasteten Vereinskassen werden auf diese Art und Weise nicht voller. So eine ausgefallene Session kostet Unsummen &#8211; nicht unbedingt durch Ausfallhonorare oder \u00c4hnliches, sondern durch wegfallende Einnahmen. Ich habe naturgem\u00e4\u00df keinen \u00dcberblick \u00fcber das gro\u00dfe Ganze, aber kann mir nicht vorstellen, dass es anderen Vereinen besser geht als meiner AKP. Die Auswirkungen werden Mitglieder und Verein noch \u00fcber Jahre sp\u00fcren &#8211; vorausgesetzt die Session 2021\/22 findet unter Normalbedingungen statt, woran zumindest leise Zweifel erlaubt sein m\u00fcssen. Und bei den versprochenen Staatshilfen fallen wir durchs Raster, wie \u00fcbrigens die Mehrheit der Karnevalsvereine.<\/p><p>Aber gleichzeitig betont die hohe Politik, dass die Vereine eine wichtige gesellschaftliche Aufgabe erf\u00fcllen, Auffangbecken f\u00fcr ins Schlingern gekommene Jugendliche sind, die hier wieder Selbstwertgef\u00fchl und Wertsch\u00e4tzung bekommen etc. \u2013 Janusk\u00f6pfiger geht&#8217;s an sich nicht mehr. Bin mal gespannt wie Merkel und S\u00f6der schauen wenn ihnen in ein paar Jahren auf einmal irgendwelche Statistiken um die Ohren fliegen, weil keine Vereine mehr da sind. Vielleicht gibts dann ein KdM-Programm (Kraft durch Merkel &#8211; ok, der war abgrundtief garstig, aber so f\u00fchlt es sich derzeit an).<\/p><h4><span style=\"color: #ff0000;\">Sessionsheft zum Tr\u00e4umen<\/span><\/h4><p>Zumindest ein bi\u00dfchen haben wir bei der AKP aus der Not eine Tugend gemacht. Ein echtes Sessionsheft machte nat\u00fcrlich keinen Sinn, aber wir haben uns f\u00fcr eine Onlineausgabe entschieden. Mit einem Schwung Fotos zum Tr\u00e4umen von besseren Zeiten. Zu meiner nicht kleinen \u00dcberraschung haben sich sogar ein Schwung Inserenten gefunden und so zumindest f\u00fcr ein wenig Entlastung in der Kasse gesorgt. Wer mal reinschauen m\u00f6chte:<\/p>\t\t\t\t\t\t<\/div>\n\t\t\t\t<\/div>\n\t\t\t\t<section class=\"elementor-section elementor-inner-section elementor-element elementor-element-2cb12a1 elementor-section-boxed elementor-section-height-default elementor-section-height-default\" data-id=\"2cb12a1\" data-element_type=\"section\">\n\t\t\t\t\t\t<div class=\"elementor-container elementor-column-gap-default\">\n\t\t\t\t\t<div class=\"elementor-column elementor-col-50 elementor-inner-column elementor-element elementor-element-61cc4ed\" data-id=\"61cc4ed\" data-element_type=\"column\">\n\t\t\t<div class=\"elementor-widget-wrap elementor-element-populated\">\n\t\t\t\t\t\t\t\t<div class=\"elementor-element elementor-element-d1743d2 elementor-widget elementor-widget-text-editor\" data-id=\"d1743d2\" data-element_type=\"widget\" data-widget_type=\"text-editor.default\">\n\t\t\t\t<div class=\"elementor-widget-container\">\n\t\t\t\t\t\t\t<p>Die<\/p><p>&#8222;N\u00e4rrische Feldpost&#8220;<\/p><p>der AKP, Onlineausgabe der (ausgefallenen) Session 2020\/21 zum kostenlosen Download und Lesevergn\u00fcgen!<\/p><p>Von Herzen ein Dankesch\u00f6n an alle Inserenten, die auch in diesen schwierigen Zeiten an der Seite der Vereine stehen!<\/p>\t\t\t\t\t\t<\/div>\n\t\t\t\t<\/div>\n\t\t\t\t\t<\/div>\n\t\t<\/div>\n\t\t\t\t<div class=\"elementor-column elementor-col-50 elementor-inner-column elementor-element elementor-element-ffcd359\" data-id=\"ffcd359\" data-element_type=\"column\">\n\t\t\t<div class=\"elementor-widget-wrap elementor-element-populated\">\n\t\t\t\t\t\t\t\t<div class=\"elementor-element elementor-element-ca5c16d elementor-widget elementor-widget-image\" data-id=\"ca5c16d\" data-element_type=\"widget\" data-widget_type=\"image.default\">\n\t\t\t\t<div class=\"elementor-widget-container\">\n\t\t\t\t\t\t\t\t\t\t\t\t\t\t\t\t<a href=\"https:\/\/www.rhinefeierzentrale.de\/rhinefeier1\/download\/1946\/\">\n\t\t\t\t\t\t\t<img decoding=\"async\" src=\"https:\/\/www.rhinefeierzentrale.de\/rhinefeier1\/wp-content\/uploads\/elementor\/thumbs\/AKP_Feldpost-Online_2021_TITEL-oyfebxcscu751irjys2wd9lr9spg5h3jtw51tkxwcy.jpg\" title=\"AKP_Feldpost-Online_2021_TITEL\" alt=\"AKP_Feldpost-Online_2021_TITEL\" loading=\"lazy\" \/>\t\t\t\t\t\t\t\t<\/a>\n\t\t\t\t\t\t\t\t\t\t\t\t\t\t\t<\/div>\n\t\t\t\t<\/div>\n\t\t\t\t\t<\/div>\n\t\t<\/div>\n\t\t\t\t\t\t\t<\/div>\n\t\t<\/section>\n\t\t\t\t<div class=\"elementor-element elementor-element-2003976 elementor-widget-divider--view-line elementor-widget elementor-widget-divider\" data-id=\"2003976\" data-element_type=\"widget\" data-widget_type=\"divider.default\">\n\t\t\t\t<div class=\"elementor-widget-container\">\n\t\t\t\t\t<div class=\"elementor-divider\">\n\t\t\t<span class=\"elementor-divider-separator\">\n\t\t\t\t\t\t<\/span>\n\t\t<\/div>\n\t\t\t\t<\/div>\n\t\t\t\t<\/div>\n\t\t\t\t<div class=\"elementor-element elementor-element-80d2f19 elementor-share-buttons--view-icon-text elementor-share-buttons--skin-gradient elementor-share-buttons--shape-square elementor-grid-0 elementor-share-buttons--color-official elementor-widget elementor-widget-share-buttons\" data-id=\"80d2f19\" data-element_type=\"widget\" data-widget_type=\"share-buttons.default\">\n\t\t\t\t<div class=\"elementor-widget-container\">\n\t\t\t\t\t<div class=\"elementor-grid\">\n\t\t\t\t\t\t\t\t<div class=\"elementor-grid-item\">\n\t\t\t\t\t\t<div\n\t\t\t\t\t\t\tclass=\"elementor-share-btn elementor-share-btn_facebook\"\n\t\t\t\t\t\t\trole=\"button\"\n\t\t\t\t\t\t\ttabindex=\"0\"\n\t\t\t\t\t\t\taria-label=\"Share on facebook\"\n\t\t\t\t\t\t>\n\t\t\t\t\t\t\t\t\t\t\t\t\t\t\t<span class=\"elementor-share-btn__icon\">\n\t\t\t\t\t\t\t\t<i class=\"fab fa-facebook\" aria-hidden=\"true\"><\/i>\t\t\t\t\t\t\t<\/span>\n\t\t\t\t\t\t\t\t\t\t\t\t\t\t\t\t\t\t\t\t\t\t<div class=\"elementor-share-btn__text\">\n\t\t\t\t\t\t\t\t\t\t\t\t\t\t\t\t\t\t\t<span class=\"elementor-share-btn__title\">\n\t\t\t\t\t\t\t\t\t\tFacebook\t\t\t\t\t\t\t\t\t<\/span>\n\t\t\t\t\t\t\t\t\t\t\t\t\t\t\t\t\t<\/div>\n\t\t\t\t\t\t\t\t\t\t\t\t\t<\/div>\n\t\t\t\t\t<\/div>\n\t\t\t\t\t\t\t\t\t<div class=\"elementor-grid-item\">\n\t\t\t\t\t\t<div\n\t\t\t\t\t\t\tclass=\"elementor-share-btn elementor-share-btn_linkedin\"\n\t\t\t\t\t\t\trole=\"button\"\n\t\t\t\t\t\t\ttabindex=\"0\"\n\t\t\t\t\t\t\taria-label=\"Share on linkedin\"\n\t\t\t\t\t\t>\n\t\t\t\t\t\t\t\t\t\t\t\t\t\t\t<span class=\"elementor-share-btn__icon\">\n\t\t\t\t\t\t\t\t<i class=\"fab fa-linkedin\" aria-hidden=\"true\"><\/i>\t\t\t\t\t\t\t<\/span>\n\t\t\t\t\t\t\t\t\t\t\t\t\t\t\t\t\t\t\t\t\t\t<div class=\"elementor-share-btn__text\">\n\t\t\t\t\t\t\t\t\t\t\t\t\t\t\t\t\t\t\t<span class=\"elementor-share-btn__title\">\n\t\t\t\t\t\t\t\t\t\tLinkedIn\t\t\t\t\t\t\t\t\t<\/span>\n\t\t\t\t\t\t\t\t\t\t\t\t\t\t\t\t\t<\/div>\n\t\t\t\t\t\t\t\t\t\t\t\t\t<\/div>\n\t\t\t\t\t<\/div>\n\t\t\t\t\t\t\t\t\t<div class=\"elementor-grid-item\">\n\t\t\t\t\t\t<div\n\t\t\t\t\t\t\tclass=\"elementor-share-btn elementor-share-btn_xing\"\n\t\t\t\t\t\t\trole=\"button\"\n\t\t\t\t\t\t\ttabindex=\"0\"\n\t\t\t\t\t\t\taria-label=\"Share on xing\"\n\t\t\t\t\t\t>\n\t\t\t\t\t\t\t\t\t\t\t\t\t\t\t<span class=\"elementor-share-btn__icon\">\n\t\t\t\t\t\t\t\t<i class=\"fab fa-xing\" aria-hidden=\"true\"><\/i>\t\t\t\t\t\t\t<\/span>\n\t\t\t\t\t\t\t\t\t\t\t\t\t\t\t\t\t\t\t\t\t\t<div class=\"elementor-share-btn__text\">\n\t\t\t\t\t\t\t\t\t\t\t\t\t\t\t\t\t\t\t<span class=\"elementor-share-btn__title\">\n\t\t\t\t\t\t\t\t\t\tXING\t\t\t\t\t\t\t\t\t<\/span>\n\t\t\t\t\t\t\t\t\t\t\t\t\t\t\t\t\t<\/div>\n\t\t\t\t\t\t\t\t\t\t\t\t\t<\/div>\n\t\t\t\t\t<\/div>\n\t\t\t\t\t\t\t\t\t<div class=\"elementor-grid-item\">\n\t\t\t\t\t\t<div\n\t\t\t\t\t\t\tclass=\"elementor-share-btn elementor-share-btn_whatsapp\"\n\t\t\t\t\t\t\trole=\"button\"\n\t\t\t\t\t\t\ttabindex=\"0\"\n\t\t\t\t\t\t\taria-label=\"Share on whatsapp\"\n\t\t\t\t\t\t>\n\t\t\t\t\t\t\t\t\t\t\t\t\t\t\t<span class=\"elementor-share-btn__icon\">\n\t\t\t\t\t\t\t\t<i class=\"fab fa-whatsapp\" aria-hidden=\"true\"><\/i>\t\t\t\t\t\t\t<\/span>\n\t\t\t\t\t\t\t\t\t\t\t\t\t\t\t\t\t\t\t\t\t\t<div class=\"elementor-share-btn__text\">\n\t\t\t\t\t\t\t\t\t\t\t\t\t\t\t\t\t\t\t<span class=\"elementor-share-btn__title\">\n\t\t\t\t\t\t\t\t\t\tWhatsApp\t\t\t\t\t\t\t\t\t<\/span>\n\t\t\t\t\t\t\t\t\t\t\t\t\t\t\t\t\t<\/div>\n\t\t\t\t\t\t\t\t\t\t\t\t\t<\/div>\n\t\t\t\t\t<\/div>\n\t\t\t\t\t\t\t\t\t<div class=\"elementor-grid-item\">\n\t\t\t\t\t\t<div\n\t\t\t\t\t\t\tclass=\"elementor-share-btn elementor-share-btn_email\"\n\t\t\t\t\t\t\trole=\"button\"\n\t\t\t\t\t\t\ttabindex=\"0\"\n\t\t\t\t\t\t\taria-label=\"Share on email\"\n\t\t\t\t\t\t>\n\t\t\t\t\t\t\t\t\t\t\t\t\t\t\t<span class=\"elementor-share-btn__icon\">\n\t\t\t\t\t\t\t\t<i class=\"fas fa-envelope\" aria-hidden=\"true\"><\/i>\t\t\t\t\t\t\t<\/span>\n\t\t\t\t\t\t\t\t\t\t\t\t\t\t\t\t\t\t\t\t\t\t<div class=\"elementor-share-btn__text\">\n\t\t\t\t\t\t\t\t\t\t\t\t\t\t\t\t\t\t\t<span class=\"elementor-share-btn__title\">\n\t\t\t\t\t\t\t\t\t\tEmail\t\t\t\t\t\t\t\t\t<\/span>\n\t\t\t\t\t\t\t\t\t\t\t\t\t\t\t\t\t<\/div>\n\t\t\t\t\t\t\t\t\t\t\t\t\t<\/div>\n\t\t\t\t\t<\/div>\n\t\t\t\t\t\t\t\t\t<div class=\"elementor-grid-item\">\n\t\t\t\t\t\t<div\n\t\t\t\t\t\t\tclass=\"elementor-share-btn elementor-share-btn_print\"\n\t\t\t\t\t\t\trole=\"button\"\n\t\t\t\t\t\t\ttabindex=\"0\"\n\t\t\t\t\t\t\taria-label=\"Share on print\"\n\t\t\t\t\t\t>\n\t\t\t\t\t\t\t\t\t\t\t\t\t\t\t<span class=\"elementor-share-btn__icon\">\n\t\t\t\t\t\t\t\t<i class=\"fas fa-print\" aria-hidden=\"true\"><\/i>\t\t\t\t\t\t\t<\/span>\n\t\t\t\t\t\t\t\t\t\t\t\t\t\t\t\t\t\t\t\t\t\t<div class=\"elementor-share-btn__text\">\n\t\t\t\t\t\t\t\t\t\t\t\t\t\t\t\t\t\t\t<span class=\"elementor-share-btn__title\">\n\t\t\t\t\t\t\t\t\t\tPrint\t\t\t\t\t\t\t\t\t<\/span>\n\t\t\t\t\t\t\t\t\t\t\t\t\t\t\t\t\t<\/div>\n\t\t\t\t\t\t\t\t\t\t\t\t\t<\/div>\n\t\t\t\t\t<\/div>\n\t\t\t\t\t\t<\/div>\n\t\t\t\t<\/div>\n\t\t\t\t<\/div>\n\t\t\t\t<div class=\"elementor-element elementor-element-cc28ecb elementor-widget-divider--view-line elementor-widget elementor-widget-divider\" data-id=\"cc28ecb\" data-element_type=\"widget\" data-widget_type=\"divider.default\">\n\t\t\t\t<div class=\"elementor-widget-container\">\n\t\t\t\t\t<div class=\"elementor-divider\">\n\t\t\t<span class=\"elementor-divider-separator\">\n\t\t\t\t\t\t<\/span>\n\t\t<\/div>\n\t\t\t\t<\/div>\n\t\t\t\t<\/div>\n\t\t\t\t<div class=\"elementor-element elementor-element-3f7d36c elementor-align-center elementor-widget elementor-widget-button\" data-id=\"3f7d36c\" data-element_type=\"widget\" data-widget_type=\"button.default\">\n\t\t\t\t<div class=\"elementor-widget-container\">\n\t\t\t\t\t<div class=\"elementor-button-wrapper\">\n\t\t\t<a class=\"elementor-button elementor-button-link elementor-size-xs elementor-animation-pulse\" href=\"https:\/\/www.rhinefeierzentrale.de\/rhinefeier1\/\">\n\t\t\t\t\t\t<span class=\"elementor-button-content-wrapper\">\n\t\t\t\t\t\t<span class=\"elementor-button-text\">HOME<\/span>\n\t\t<\/span>\n\t\t\t\t\t<\/a>\n\t\t<\/div>\n\t\t\t\t<\/div>\n\t\t\t\t<\/div>\n\t\t\t\t\t<\/div>\n\t\t<\/div>\n\t\t\t\t\t\t\t<\/div>\n\t\t<\/section>\n\t\t\t\t\t\t\t<\/div>\n\t\t","protected":false},"excerpt":{"rendered":"<p>Die Phantom-Session \u2013 Sessionsheft 2020\/21 zum kostenlosen Download \u2013 Ob der ungekr\u00f6nte bayerische K\u00f6nig von eigenen Gnaden Markus I. S\u00f6der oder unser aller Bundesraute Angela Merkel bei ihren Beratungen zum Thema Lockdown auch an die Karnevalisten im Rheinland gedacht haben? Eher nicht, stelle ich mal ganz dreist in den Raum. Und kann die beiden sogar &hellip;<\/p>\n<p class=\"read-more\"> <a class=\"\" href=\"https:\/\/www.rhinefeierzentrale.de\/rhinefeier1\/schaltzentrale\/ins-n-outs\/akp-sessionsheft\/\"> <span class=\"screen-reader-text\">Die f\u00fcnfte Jahreszeit<\/span> Weiterlesen &raquo;<\/a><\/p>\n","protected":false},"author":1,"featured_media":0,"parent":595,"menu_order":2,"comment_status":"closed","ping_status":"closed","template":"elementor_header_footer","meta":{"site-sidebar-layout":"no-sidebar","site-content-layout":"page-builder","ast-global-header-display":"","ast-main-header-display":"disabled","ast-hfb-above-header-display":"","ast-hfb-below-header-display":"","ast-hfb-mobile-header-display":"","site-post-title":"disabled","ast-breadcrumbs-content":"","ast-featured-img":"disabled","footer-sml-layout":"","theme-transparent-header-meta":"default","adv-header-id-meta":"","stick-header-meta":"","header-above-stick-meta":"","header-main-stick-meta":"","header-below-stick-meta":"","footnotes":""},"_links":{"self":[{"href":"https:\/\/www.rhinefeierzentrale.de\/rhinefeier1\/wp-json\/wp\/v2\/pages\/1936"}],"collection":[{"href":"https:\/\/www.rhinefeierzentrale.de\/rhinefeier1\/wp-json\/wp\/v2\/pages"}],"about":[{"href":"https:\/\/www.rhinefeierzentrale.de\/rhinefeier1\/wp-json\/wp\/v2\/types\/page"}],"author":[{"embeddable":true,"href":"https:\/\/www.rhinefeierzentrale.de\/rhinefeier1\/wp-json\/wp\/v2\/users\/1"}],"replies":[{"embeddable":true,"href":"https:\/\/www.rhinefeierzentrale.de\/rhinefeier1\/wp-json\/wp\/v2\/comments?post=1936"}],"version-history":[{"count":17,"href":"https:\/\/www.rhinefeierzentrale.de\/rhinefeier1\/wp-json\/wp\/v2\/pages\/1936\/revisions"}],"predecessor-version":[{"id":1991,"href":"https:\/\/www.rhinefeierzentrale.de\/rhinefeier1\/wp-json\/wp\/v2\/pages\/1936\/revisions\/1991"}],"up":[{"embeddable":true,"href":"https:\/\/www.rhinefeierzentrale.de\/rhinefeier1\/wp-json\/wp\/v2\/pages\/595"}],"wp:attachment":[{"href":"https:\/\/www.rhinefeierzentrale.de\/rhinefeier1\/wp-json\/wp\/v2\/media?parent=1936"}],"curies":[{"name":"wp","href":"https:\/\/api.w.org\/{rel}","templated":true}]}}