{"id":451,"date":"2018-11-27T09:17:42","date_gmt":"2018-11-27T08:17:42","guid":{"rendered":"https:\/\/www.rhinefeierzentrale.de\/rhinefeier1\/projects\/"},"modified":"2020-10-27T04:10:14","modified_gmt":"2020-10-27T03:10:14","slug":"luftfahrt","status":"publish","type":"page","link":"https:\/\/www.rhinefeierzentrale.de\/rhinefeier1\/schaltzentrale\/luftfahrt\/","title":{"rendered":"Luftfahrt"},"content":{"rendered":"\t\t<div data-elementor-type=\"wp-post\" data-elementor-id=\"451\" class=\"elementor elementor-451\" data-elementor-post-type=\"page\">\n\t\t\t\t\t\t\t\t\t<section class=\"elementor-section elementor-top-section elementor-element elementor-element-7ac9ca5 elementor-section-boxed elementor-section-height-default elementor-section-height-default\" data-id=\"7ac9ca5\" data-element_type=\"section\" data-settings=\"{&quot;background_background&quot;:&quot;classic&quot;}\">\n\t\t\t\t\t\t\t<div class=\"elementor-background-overlay\"><\/div>\n\t\t\t\t\t\t\t<div class=\"elementor-container elementor-column-gap-default\">\n\t\t\t\t\t<div class=\"elementor-column elementor-col-100 elementor-top-column elementor-element elementor-element-90988fe\" data-id=\"90988fe\" data-element_type=\"column\">\n\t\t\t<div class=\"elementor-widget-wrap elementor-element-populated\">\n\t\t\t\t\t\t\t\t<div class=\"elementor-element elementor-element-11a1ddd elementor-widget elementor-widget-heading\" data-id=\"11a1ddd\" data-element_type=\"widget\" data-widget_type=\"heading.default\">\n\t\t\t\t<div class=\"elementor-widget-container\">\n\t\t\t<h2 class=\"elementor-heading-title elementor-size-default\">Ready for take-off?<\/h2>\t\t<\/div>\n\t\t\t\t<\/div>\n\t\t\t\t<div class=\"elementor-element elementor-element-5fa63a9 elementor-widget-divider--view-line elementor-widget elementor-widget-divider\" data-id=\"5fa63a9\" data-element_type=\"widget\" data-widget_type=\"divider.default\">\n\t\t\t\t<div class=\"elementor-widget-container\">\n\t\t\t\t\t<div class=\"elementor-divider\">\n\t\t\t<span class=\"elementor-divider-separator\">\n\t\t\t\t\t\t<\/span>\n\t\t<\/div>\n\t\t\t\t<\/div>\n\t\t\t\t<\/div>\n\t\t\t\t<div class=\"elementor-element elementor-element-d973f98 elementor-widget elementor-widget-text-editor\" data-id=\"d973f98\" data-element_type=\"widget\" data-widget_type=\"text-editor.default\">\n\t\t\t\t<div class=\"elementor-widget-container\">\n\t\t\t\t\t\t\t<p>Luftfahrt<\/p>\t\t\t\t\t\t<\/div>\n\t\t\t\t<\/div>\n\t\t\t\t\t<\/div>\n\t\t<\/div>\n\t\t\t\t\t\t\t<\/div>\n\t\t<\/section>\n\t\t\t\t<section class=\"elementor-section elementor-top-section elementor-element elementor-element-c3db2ff elementor-section-content-middle elementor-section-boxed elementor-section-height-default elementor-section-height-default\" data-id=\"c3db2ff\" data-element_type=\"section\" data-settings=\"{&quot;background_background&quot;:&quot;classic&quot;}\">\n\t\t\t\t\t\t\t<div class=\"elementor-background-overlay\"><\/div>\n\t\t\t\t\t\t\t<div class=\"elementor-container elementor-column-gap-no\">\n\t\t\t\t\t<div class=\"elementor-column elementor-col-100 elementor-top-column elementor-element elementor-element-ac514ba\" data-id=\"ac514ba\" data-element_type=\"column\">\n\t\t\t<div class=\"elementor-widget-wrap elementor-element-populated\">\n\t\t\t\t\t\t\t\t<div class=\"elementor-element elementor-element-25328831 elementor-widget elementor-widget-heading\" data-id=\"25328831\" data-element_type=\"widget\" data-widget_type=\"heading.default\">\n\t\t\t\t<div class=\"elementor-widget-container\">\n\t\t\t<h2 class=\"elementor-heading-title elementor-size-default\">That is not noise, my dear, it's the sound of freedom!<\/h2>\t\t<\/div>\n\t\t\t\t<\/div>\n\t\t\t\t<section class=\"elementor-section elementor-inner-section elementor-element elementor-element-178266d9 elementor-section-boxed elementor-section-height-default elementor-section-height-default\" data-id=\"178266d9\" data-element_type=\"section\">\n\t\t\t\t\t\t<div class=\"elementor-container elementor-column-gap-default\">\n\t\t\t\t\t<div class=\"elementor-column elementor-col-33 elementor-inner-column elementor-element elementor-element-7fdc709c\" data-id=\"7fdc709c\" data-element_type=\"column\">\n\t\t\t<div class=\"elementor-widget-wrap elementor-element-populated\">\n\t\t\t\t\t\t\t\t<div class=\"elementor-element elementor-element-eba078b elementor-widget elementor-widget-image\" data-id=\"eba078b\" data-element_type=\"widget\" data-widget_type=\"image.default\">\n\t\t\t\t<div class=\"elementor-widget-container\">\n\t\t\t\t\t\t\t\t\t\t\t\t\t\t\t<img decoding=\"async\" loading=\"lazy\" width=\"575\" height=\"768\" src=\"https:\/\/www.rhinefeierzentrale.de\/rhinefeier1\/wp-content\/uploads\/2020\/10\/LF_Volkel-2009_Flares_72dpi_768_WEB.jpg\" class=\"attachment-large size-large wp-image-1753\" alt=\"\" srcset=\"https:\/\/www.rhinefeierzentrale.de\/rhinefeier1\/wp-content\/uploads\/2020\/10\/LF_Volkel-2009_Flares_72dpi_768_WEB.jpg 575w, https:\/\/www.rhinefeierzentrale.de\/rhinefeier1\/wp-content\/uploads\/2020\/10\/LF_Volkel-2009_Flares_72dpi_768_WEB-225x300.jpg 225w\" sizes=\"(max-width: 575px) 100vw, 575px\" \/>\t\t\t\t\t\t\t\t\t\t\t\t\t\t\t<\/div>\n\t\t\t\t<\/div>\n\t\t\t\t\t<\/div>\n\t\t<\/div>\n\t\t\t\t<div class=\"elementor-column elementor-col-33 elementor-inner-column elementor-element elementor-element-2e5d2bd7\" data-id=\"2e5d2bd7\" data-element_type=\"column\">\n\t\t\t<div class=\"elementor-widget-wrap elementor-element-populated\">\n\t\t\t\t\t\t\t\t<div class=\"elementor-element elementor-element-2485121a elementor-widget elementor-widget-sina_content_box\" data-id=\"2485121a\" data-element_type=\"widget\" data-widget_type=\"sina_content_box.default\">\n\t\t\t\t<div class=\"elementor-widget-container\">\n\t\t\t\t\t<div class=\"sina-content-box clearfix sina-content-box-zoom \">\r\n\r\n\t\t\t\r\n\t\t\t\t\t\t\t<div class=\"sina-ribbon-right\">\r\n\t\t\t\t\tHier zu lesen:\t\t\t\t<\/div>\r\n\t\t\t\r\n\t\t\t\t\t\t\t\t\r\n\t\t\t\t\t<div class=\"sina-content-box-content\">\r\n\t\t\t\t\t\t\t\t\t\t\t\t\t<h3 class=\"sina-content-box-title\">\r\n\t\t\t\t\t\t\t\t\t\t\t\t\t\t\t\t\tLuftfahrt\t\t\t\t\t\t\t\t\t\t\t\t\t\t\t<\/h3>\r\n\t\t\t\t\t\t\r\n\t\t\t\t\t\t\t\t\t\t\t\t\t<div class=\"sina-content-box-desc\">Diese Kategorie war f\u00fcr mich ein absoluter No-Brainer - ich brauchte keine Sekunde nachzudenken um zu wissen, dass ich zum Thema Luftfahrt, vor allem Milit\u00e4rluftfahrt, was schreiben will und auch zu sagen habe. Das liegt einfach daran, dass ich von fr\u00fchester Kindheit an auf alles abgefahren bin was fliegt \u2013 Kunstst\u00fcck, mit einem Luftwaffenpiloten als Vater. Mein alter Herr, Callsign \"Bugs\", hat knapp 3.000 Flugstunden lang den ber\u00fchmt-ber\u00fcchtigten Starfighter sowie das Vorg\u00e4ngermuster F-84F f\u00fcr die Luftwaffe durch die Gegend pilotiert. Mein heimlicher Traum war ein gemeinsamer Flug im Doppelsitzer. Ob des Altersunterschieds ohnehin nahezu unm\u00f6glich, zerplatzte dieser Traum wie der gesamte restliche Lebensentwurf beim Augenarzt. Ich scheiterte an l\u00e4cherlichen 0,25 Dioptrien zu viel. Euer Pech, qu\u00e4le ich eben als Ausgleich Euch mit Geschichtchen aus der Luftfahrt, bissl  Fliegerhumor und vor allem Bildern meiner bisher viel zu unregelm\u00e4\u00dfigen Ausfl\u00fcge zu holl\u00e4ndischen Flugtagen.Und vielleicht will Vatern ja auch noch was zum besten geben - ich frag ihn mal \ud83d\ude09<\/div>\t\t\t\t\t\t\r\n\t\t\t\t\t\t\t\t\t\t\t<\/div>\r\n\t\t\t\t\t<\/div><!-- .sina-content-box -->\r\n\t\t\t\t<\/div>\n\t\t\t\t<\/div>\n\t\t\t\t\t<\/div>\n\t\t<\/div>\n\t\t\t\t<div class=\"elementor-column elementor-col-33 elementor-inner-column elementor-element elementor-element-6212c5b1\" data-id=\"6212c5b1\" data-element_type=\"column\">\n\t\t\t<div class=\"elementor-widget-wrap elementor-element-populated\">\n\t\t\t\t\t\t\t\t<div class=\"elementor-element elementor-element-64f37b91 elementor-widget elementor-widget-image\" data-id=\"64f37b91\" data-element_type=\"widget\" data-widget_type=\"image.default\">\n\t\t\t\t<div class=\"elementor-widget-container\">\n\t\t\t\t\t\t\t\t\t\t\t\t<figure class=\"wp-caption\">\n\t\t\t\t\t\t\t\t\t\t<img decoding=\"async\" loading=\"lazy\" width=\"225\" height=\"300\" src=\"https:\/\/www.rhinefeierzentrale.de\/rhinefeier1\/wp-content\/uploads\/2020\/10\/LF_Woody_Jethelm_sw_72dpi_768_WEB-225x300.jpg\" class=\"attachment-medium size-medium wp-image-1752\" alt=\"\" srcset=\"https:\/\/www.rhinefeierzentrale.de\/rhinefeier1\/wp-content\/uploads\/2020\/10\/LF_Woody_Jethelm_sw_72dpi_768_WEB-225x300.jpg 225w, https:\/\/www.rhinefeierzentrale.de\/rhinefeier1\/wp-content\/uploads\/2020\/10\/LF_Woody_Jethelm_sw_72dpi_768_WEB.jpg 577w\" sizes=\"(max-width: 225px) 100vw, 225px\" \/>\t\t\t\t\t\t\t\t\t\t\t<figcaption class=\"widget-image-caption wp-caption-text\">Nein, keine Anti-Corona-Ma\u00dfnahme, sondern ich mit dem in den Siebzigern bei der Luftwaffe \u00fcblichen Guneau-Jethelm meines Vaters.<\/figcaption>\n\t\t\t\t\t\t\t\t\t\t<\/figure>\n\t\t\t\t\t\t\t\t\t<\/div>\n\t\t\t\t<\/div>\n\t\t\t\t\t<\/div>\n\t\t<\/div>\n\t\t\t\t\t\t\t<\/div>\n\t\t<\/section>\n\t\t\t\t\t<\/div>\n\t\t<\/div>\n\t\t\t\t\t\t\t<\/div>\n\t\t<\/section>\n\t\t\t\t<section class=\"elementor-section elementor-top-section elementor-element elementor-element-ff37384 elementor-section-boxed elementor-section-height-default elementor-section-height-default\" data-id=\"ff37384\" data-element_type=\"section\" data-settings=\"{&quot;background_background&quot;:&quot;classic&quot;}\">\n\t\t\t\t\t\t<div class=\"elementor-container elementor-column-gap-default\">\n\t\t\t\t\t<div class=\"elementor-column elementor-col-100 elementor-top-column elementor-element elementor-element-c9e41f6\" data-id=\"c9e41f6\" data-element_type=\"column\">\n\t\t\t<div class=\"elementor-widget-wrap elementor-element-populated\">\n\t\t\t\t\t\t\t\t<div class=\"elementor-element elementor-element-0d1edfe elementor-widget elementor-widget-sina_blogpost\" data-id=\"0d1edfe\" data-element_type=\"widget\" data-widget_type=\"sina_blogpost.default\">\n\t\t\t\t<div class=\"elementor-widget-container\">\n\t\t\t\t\t\t<div class=\"sina-blogpost sina-bp-0d1edfe\"\r\n\t\t\tdata-uid=\"0d1edfe\"\r\n\t\t\tdata-offset=\"3\"\r\n\t\t\tdata-posts-data='{\"posts_num\":3,\"offset\":3,\"total_posts\":6,\"layout\":\"list\",\"columns\":null,\"layout_type\":\"custom\",\"custom_columns\":\"12\",\"categories\":[\"7\"],\"tags\":\"\",\"order_by\":\"date\",\"sort\":\"DESC\",\"posts_text\":\"yes\",\"excerpt\":\"yes\",\"content_length\":50,\"posts_meta\":\"yes\",\"thumb_right\":\"\",\"is_thumb\":null,\"read_more_effect\":\"\",\"read_more_text\":\"Weiterlesen\",\"read_more_icon\":\"eicon-tv\",\"read_more_icon_align\":\"left\",\"effects\":\"\",\"cats_position\":\"before\",\"cats_icon\":\"fa fa-folder-open\",\"posts_avatar\":\"\",\"avatar_size\":null,\"read_btn_bg_layer_effects\":\"\",\"bg_layer_effects\":\"\"}'>\r\n\t\t\t\t<div class=\"sina-bp-grid\">\r\n\t\t\t\t\t<div class=\"sina-bp-grid-sizer\"><\/div>\r\n\t\t\t\t\t\t<div class=\"sina-bp-col sina-bp-custom-12 sina-bp-list  \">\r\n\t\t<div class=\"sina-bp \">\r\n\t\t\t<div class=\"sina-bg-thumb sina-bg-cover\"\r\n\t\t\t\t\t\t\t\t\tstyle=\"background-image: url(https:\/\/www.rhinefeierzentrale.de\/rhinefeier1\/wp-content\/uploads\/2020\/12\/Serie_Schleudersitz_Titel_Teil-3.jpg);\"\r\n\t\t\t\t>\r\n\t\t\t\t<div class=\"sina-overlay\">\r\n\t\t\t\t\t<a href=\"https:\/\/www.rhinefeierzentrale.de\/rhinefeier1\/jetzt-aber-raus-da\/\"><\/a>\r\n\t\t\t\t<\/div>\r\n\t\t\t<\/div>\r\n\t\t\t<div class=\"sina-bp-content\">\r\n\t\t\t\t<div class=\"sina-pb-inner-content\">\r\n\t\t\t\t\t\t\t\t\t\t\t<div class=\"sina-bp-cats\">\r\n\t\t\t\t\t\t\t<span class=\"sina-bp-icon\">\r\n\t\t\t\t\t\t\t\t<i class=\"fa fa-folder-open\"><\/i>\r\n\t\t\t\t\t\t\t<\/span>\r\n\t\t\t\t\t\t\t<a href=\"https:\/\/www.rhinefeierzentrale.de\/rhinefeier1\/category\/luftfahrt\/\" rel=\"category tag\">Luftfahrt<\/a>\t\t\t\t\t\t<\/div>\r\n\t\t\t\t\t\t\t\t\t\t<h2 class=\"sina-bp-title\">\r\n\t\t\t\t\t\t<a href=\"https:\/\/www.rhinefeierzentrale.de\/rhinefeier1\/jetzt-aber-raus-da\/\">Jetzt aber raus da!<\/a>\r\n\t\t\t\t\t<\/h2>\r\n\t\t\t\t\t\r\n\t\t\t\t\t\t\t\t\t\t\t<div class=\"sina-bp-text\">\r\n\t\t\t\t\t\t\tHerausschie\u00dfen oder doch sitzenbleiben und noch was versuchen \u2013 das d\u00fcrfte eine der heikelsten Entscheidungen sein, die Piloten von Kampfflugzeugen treffen m\u00fcssen. Insbesondere dann, wenn die Situation nicht ganz eindeutig ist \u2013 auch wenn das selten vorkommt.In den meisten Situationen greift der solide \u00dcberlebensinstinkt, egal ob die Maschine bereits unter&hellip;\t\t\t\t\t\t<\/div>\r\n\t\t\t\t\t\r\n\t\t\t\t\t\t\t\t\t\t\t<div class=\"sina-btn-wrapper\">\r\n\t\t\t\t\t\t\t<a href=\"https:\/\/www.rhinefeierzentrale.de\/rhinefeier1\/jetzt-aber-raus-da\/\" class=\"sina-read-more  \">\r\n\t\t\t\t\t\t\t\t\t\t\t<i class=\"eicon-tv sina-icon-left\"><\/i>\r\n\t\t\t\tWeiterlesen\t\t\t\t\t\t\t\t\t<\/a>\r\n\t\t\t\t\t\t<\/div>\r\n\t\t\t\t\t\t\t\t\t<\/div>\r\n\t\t\t\t\t\t\t\t\t<div class=\"sina-bp-meta\">\r\n\t\t\t\t\t\t\t\t\t\t\t\t\tvon\t\t\t\t\t\t\t\t\t\t\t\t<a href=\"https:\/\/www.rhinefeierzentrale.de\/rhinefeier1\/author\/admin\/\" title=\"Beitr\u00e4ge von Kai Ortmann\" rel=\"author\">Kai Ortmann<\/a>\t\t\t\t\t\t|\r\n\t\t\t\t\t\t22. Juli 2021\t\t\t\t\t<\/div>\r\n\t\t\t\t\t\t\t<\/div>\r\n\t\t<\/div>\r\n\t<\/div>\r\n\t<div class=\"sina-bp-col sina-bp-custom- sina-bp-list  \">\r\n\t\t<div class=\"sina-bp \">\r\n\t\t\t<div class=\"sina-bg-thumb sina-bg-cover\"\r\n\t\t\t\t\t\t\t\t\tstyle=\"background-image: url(https:\/\/www.rhinefeierzentrale.de\/rhinefeier1\/wp-content\/uploads\/2020\/12\/Serie_Schleudersitz_Titel_Teil-2.jpg);\"\r\n\t\t\t\t>\r\n\t\t\t\t<div class=\"sina-overlay\">\r\n\t\t\t\t\t<a href=\"https:\/\/www.rhinefeierzentrale.de\/rhinefeier1\/raketen-sitze\/\"><\/a>\r\n\t\t\t\t<\/div>\r\n\t\t\t<\/div>\r\n\t\t\t<div class=\"sina-bp-content\">\r\n\t\t\t\t<div class=\"sina-pb-inner-content\">\r\n\t\t\t\t\t\t\t\t\t\t\t<div class=\"sina-bp-cats\">\r\n\t\t\t\t\t\t\t<span class=\"sina-bp-icon\">\r\n\t\t\t\t\t\t\t\t<i class=\"fa fa-folder-open\"><\/i>\r\n\t\t\t\t\t\t\t<\/span>\r\n\t\t\t\t\t\t\t<a href=\"https:\/\/www.rhinefeierzentrale.de\/rhinefeier1\/category\/luftfahrt\/\" rel=\"category tag\">Luftfahrt<\/a>\t\t\t\t\t\t<\/div>\r\n\t\t\t\t\t\t\t\t\t\t<h2 class=\"sina-bp-title\">\r\n\t\t\t\t\t\t<a href=\"https:\/\/www.rhinefeierzentrale.de\/rhinefeier1\/raketen-sitze\/\">Raketen-Sitze<\/a>\r\n\t\t\t\t\t<\/h2>\r\n\t\t\t\t\t\r\n\t\t\t\t\t\t\t\t\t\t\t<div class=\"sina-bp-text\">\r\n\t\t\t\t\t\t\tDas Grundproblem \u2013 wie bekomme ich den Piloten aus dem Cockpit, ohne das er lebenswichtige K\u00f6rperteile verliert \u2013 hatten die Konstrukteure von Schleudersitzen gel\u00f6st. Aber wie bekam man die Insassen hoch genug, um ihnen auch bei Unf\u00e4llen am Boden eine Chance zu geben? Mehr Schwarzpulver in die Sitzkartuschen verbot sich&hellip;\t\t\t\t\t\t<\/div>\r\n\t\t\t\t\t\r\n\t\t\t\t\t\t\t\t\t\t\t<div class=\"sina-btn-wrapper\">\r\n\t\t\t\t\t\t\t<a href=\"https:\/\/www.rhinefeierzentrale.de\/rhinefeier1\/raketen-sitze\/\" class=\"sina-read-more  \">\r\n\t\t\t\t\t\t\t\t\t\t\t<i class=\"eicon-tv sina-icon-left\"><\/i>\r\n\t\t\t\tWeiterlesen\t\t\t\t\t\t\t\t\t<\/a>\r\n\t\t\t\t\t\t<\/div>\r\n\t\t\t\t\t\t\t\t\t<\/div>\r\n\t\t\t\t\t\t\t\t\t<div class=\"sina-bp-meta\">\r\n\t\t\t\t\t\t\t\t\t\t\t\t\tvon\t\t\t\t\t\t\t\t\t\t\t\t<a href=\"https:\/\/www.rhinefeierzentrale.de\/rhinefeier1\/author\/admin\/\" title=\"Beitr\u00e4ge von Kai Ortmann\" rel=\"author\">Kai Ortmann<\/a>\t\t\t\t\t\t|\r\n\t\t\t\t\t\t14. Juli 2021\t\t\t\t\t<\/div>\r\n\t\t\t\t\t\t\t<\/div>\r\n\t\t<\/div>\r\n\t<\/div>\r\n\t<div class=\"sina-bp-col sina-bp-custom- sina-bp-list  \">\r\n\t\t<div class=\"sina-bp \">\r\n\t\t\t<div class=\"sina-bg-thumb sina-bg-cover\"\r\n\t\t\t\t\t\t\t\t\tstyle=\"background-image: url(https:\/\/www.rhinefeierzentrale.de\/rhinefeier1\/wp-content\/uploads\/2020\/12\/Serie_Schleudersitz_Titel_Teil-1.jpg);\"\r\n\t\t\t\t>\r\n\t\t\t\t<div class=\"sina-overlay\">\r\n\t\t\t\t\t<a href=\"https:\/\/www.rhinefeierzentrale.de\/rhinefeier1\/und-tschuess\/\"><\/a>\r\n\t\t\t\t<\/div>\r\n\t\t\t<\/div>\r\n\t\t\t<div class=\"sina-bp-content\">\r\n\t\t\t\t<div class=\"sina-pb-inner-content\">\r\n\t\t\t\t\t\t\t\t\t\t\t<div class=\"sina-bp-cats\">\r\n\t\t\t\t\t\t\t<span class=\"sina-bp-icon\">\r\n\t\t\t\t\t\t\t\t<i class=\"fa fa-folder-open\"><\/i>\r\n\t\t\t\t\t\t\t<\/span>\r\n\t\t\t\t\t\t\t<a href=\"https:\/\/www.rhinefeierzentrale.de\/rhinefeier1\/category\/luftfahrt\/\" rel=\"category tag\">Luftfahrt<\/a>\t\t\t\t\t\t<\/div>\r\n\t\t\t\t\t\t\t\t\t\t<h2 class=\"sina-bp-title\">\r\n\t\t\t\t\t\t<a href=\"https:\/\/www.rhinefeierzentrale.de\/rhinefeier1\/und-tschuess\/\">Und Tsch\u00fcss &#8230;<\/a>\r\n\t\t\t\t\t<\/h2>\r\n\t\t\t\t\t\r\n\t\t\t\t\t\t\t\t\t\t\t<div class=\"sina-bp-text\">\r\n\t\t\t\t\t\t\tDas milit\u00e4rische Fliegerei durchaus ein Mehr an Risiko mit sich bringt als die zivile, ist beileibe kein Staatsgeheimnis. Als kleinen Ausgleich haben Kampfflugzeugbesatzungen die M\u00f6glichkeit, ihren fliegenden Untersatz ziemlich rapide zu verlassen. Ein dreiteilige Serie \u00fcber die explosiven Lebensretter.\t\t\t\t\t\t<\/div>\r\n\t\t\t\t\t\r\n\t\t\t\t\t\t\t\t\t\t\t<div class=\"sina-btn-wrapper\">\r\n\t\t\t\t\t\t\t<a href=\"https:\/\/www.rhinefeierzentrale.de\/rhinefeier1\/und-tschuess\/\" class=\"sina-read-more  \">\r\n\t\t\t\t\t\t\t\t\t\t\t<i class=\"eicon-tv sina-icon-left\"><\/i>\r\n\t\t\t\tWeiterlesen\t\t\t\t\t\t\t\t\t<\/a>\r\n\t\t\t\t\t\t<\/div>\r\n\t\t\t\t\t\t\t\t\t<\/div>\r\n\t\t\t\t\t\t\t\t\t<div class=\"sina-bp-meta\">\r\n\t\t\t\t\t\t\t\t\t\t\t\t\tvon\t\t\t\t\t\t\t\t\t\t\t\t<a href=\"https:\/\/www.rhinefeierzentrale.de\/rhinefeier1\/author\/admin\/\" title=\"Beitr\u00e4ge von Kai Ortmann\" rel=\"author\">Kai Ortmann<\/a>\t\t\t\t\t\t|\r\n\t\t\t\t\t\t13. Juli 2021\t\t\t\t\t<\/div>\r\n\t\t\t\t\t\t\t<\/div>\r\n\t\t<\/div>\r\n\t<\/div>\r\n\t\t\t\t\t\t\t\t\t<\/div>\r\n\r\n\t\t\t\t\t\t\t\t\t<div class=\"sina-load-more\">\r\n\t\t\t\t\t\t<button class=\"sina-button sina-load-more-btn \">\r\n\t\t\t\t\t\t\tWeiterlesen\t\t\t\t\t\t<\/button>\r\n\t\t\t\t\t<\/div>\r\n\t\t\t\t\r\n\t\t\t\t\t\t\t\t<input type=\"hidden\" id=\"sina_load_more_posts0d1edfe\" name=\"sina_load_more_posts0d1edfe\" value=\"dd61d98cde\" \/><input type=\"hidden\" name=\"_wp_http_referer\" value=\"\/rhinefeier1\/wp-json\/wp\/v2\/pages\/451\" \/>\t\t\t<\/div><!-- .sina-blogpost -->\r\n\t\t\t\t\t<\/div>\n\t\t\t\t<\/div>\n\t\t\t\t\t<\/div>\n\t\t<\/div>\n\t\t\t\t\t\t\t<\/div>\n\t\t<\/section>\n\t\t\t\t\t\t\t<\/div>\n\t\t","protected":false},"excerpt":{"rendered":"<p>Ready for take-off? Luftfahrt That is not noise, my dear, it&#8217;s the sound of freedom! Hier zu lesen: Luftfahrt Diese Kategorie war f\u00fcr mich ein absoluter No-Brainer &#8211; ich brauchte keine Sekunde nachzudenken um zu wissen, dass ich zum Thema Luftfahrt, vor allem Milit\u00e4rluftfahrt, was schreiben will und auch zu sagen habe. Das liegt einfach &hellip;<\/p>\n<p class=\"read-more\"> <a class=\"\" href=\"https:\/\/www.rhinefeierzentrale.de\/rhinefeier1\/und-tschuess\/\"> <span class=\"screen-reader-text\">Und Tsch\u00fcss &#8230;<\/span> Weiterlesen &raquo;<\/a><\/p>\n","protected":false},"author":1,"featured_media":0,"parent":91,"menu_order":0,"comment_status":"closed","ping_status":"closed","template":"","meta":{"site-sidebar-layout":"no-sidebar","site-content-layout":"page-builder","ast-global-header-display":"","ast-main-header-display":"","ast-hfb-above-header-display":"","ast-hfb-below-header-display":"","ast-hfb-mobile-header-display":"","site-post-title":"disabled","ast-breadcrumbs-content":"","ast-featured-img":"disabled","footer-sml-layout":"","theme-transparent-header-meta":"enabled","adv-header-id-meta":null,"stick-header-meta":null,"header-above-stick-meta":null,"header-main-stick-meta":null,"header-below-stick-meta":null,"footnotes":""},"_links":{"self":[{"href":"https:\/\/www.rhinefeierzentrale.de\/rhinefeier1\/wp-json\/wp\/v2\/pages\/451"}],"collection":[{"href":"https:\/\/www.rhinefeierzentrale.de\/rhinefeier1\/wp-json\/wp\/v2\/pages"}],"about":[{"href":"https:\/\/www.rhinefeierzentrale.de\/rhinefeier1\/wp-json\/wp\/v2\/types\/page"}],"author":[{"embeddable":true,"href":"https:\/\/www.rhinefeierzentrale.de\/rhinefeier1\/wp-json\/wp\/v2\/users\/1"}],"replies":[{"embeddable":true,"href":"https:\/\/www.rhinefeierzentrale.de\/rhinefeier1\/wp-json\/wp\/v2\/comments?post=451"}],"version-history":[{"count":30,"href":"https:\/\/www.rhinefeierzentrale.de\/rhinefeier1\/wp-json\/wp\/v2\/pages\/451\/revisions"}],"predecessor-version":[{"id":1770,"href":"https:\/\/www.rhinefeierzentrale.de\/rhinefeier1\/wp-json\/wp\/v2\/pages\/451\/revisions\/1770"}],"up":[{"embeddable":true,"href":"https:\/\/www.rhinefeierzentrale.de\/rhinefeier1\/wp-json\/wp\/v2\/pages\/91"}],"wp:attachment":[{"href":"https:\/\/www.rhinefeierzentrale.de\/rhinefeier1\/wp-json\/wp\/v2\/media?parent=451"}],"curies":[{"name":"wp","href":"https:\/\/api.w.org\/{rel}","templated":true}]}}