{"id":595,"date":"2020-10-09T15:14:27","date_gmt":"2020-10-09T13:14:27","guid":{"rendered":"https:\/\/www.rhinefeierzentrale.de\/?page_id=595"},"modified":"2020-10-27T04:08:31","modified_gmt":"2020-10-27T03:08:31","slug":"ins-n-outs","status":"publish","type":"page","link":"https:\/\/www.rhinefeierzentrale.de\/rhinefeier1\/schaltzentrale\/ins-n-outs\/","title":{"rendered":"Ins-Outs"},"content":{"rendered":"\t\t<div data-elementor-type=\"wp-page\" data-elementor-id=\"595\" class=\"elementor elementor-595\" data-elementor-post-type=\"page\">\n\t\t\t\t\t\t\t\t\t<section class=\"elementor-section elementor-top-section elementor-element elementor-element-287183f elementor-section-full_width elementor-section-height-min-height elementor-section-height-default elementor-section-items-middle\" data-id=\"287183f\" data-element_type=\"section\" data-settings=\"{&quot;background_background&quot;:&quot;classic&quot;}\">\n\t\t\t\t\t\t\t<div class=\"elementor-background-overlay\"><\/div>\n\t\t\t\t\t\t\t<div class=\"elementor-container elementor-column-gap-default\">\n\t\t\t\t\t<div class=\"elementor-column elementor-col-100 elementor-top-column elementor-element elementor-element-fb7b340\" data-id=\"fb7b340\" data-element_type=\"column\">\n\t\t\t<div class=\"elementor-widget-wrap elementor-element-populated\">\n\t\t\t\t\t\t\t\t<div class=\"elementor-element elementor-element-ccf8e91 elementor-widget elementor-widget-heading\" data-id=\"ccf8e91\" data-element_type=\"widget\" data-widget_type=\"heading.default\">\n\t\t\t\t<div class=\"elementor-widget-container\">\n\t\t\t<h2 class=\"elementor-heading-title elementor-size-large\">Life is a rollercoaster...<\/h2>\t\t<\/div>\n\t\t\t\t<\/div>\n\t\t\t\t<div class=\"elementor-element elementor-element-0c57b18 elementor-widget-divider--view-line elementor-widget elementor-widget-divider\" data-id=\"0c57b18\" data-element_type=\"widget\" data-widget_type=\"divider.default\">\n\t\t\t\t<div class=\"elementor-widget-container\">\n\t\t\t\t\t<div class=\"elementor-divider\">\n\t\t\t<span class=\"elementor-divider-separator\">\n\t\t\t\t\t\t<\/span>\n\t\t<\/div>\n\t\t\t\t<\/div>\n\t\t\t\t<\/div>\n\t\t\t\t<div class=\"elementor-element elementor-element-ba57605 elementor-widget elementor-widget-heading\" data-id=\"ba57605\" data-element_type=\"widget\" data-widget_type=\"heading.default\">\n\t\t\t\t<div class=\"elementor-widget-container\">\n\t\t\t<h3 class=\"elementor-heading-title elementor-size-default\">In's &amp; Out's<\/h3>\t\t<\/div>\n\t\t\t\t<\/div>\n\t\t\t\t\t<\/div>\n\t\t<\/div>\n\t\t\t\t\t\t\t<\/div>\n\t\t<\/section>\n\t\t\t\t<section class=\"elementor-section elementor-top-section elementor-element elementor-element-38e1912 elementor-section-content-middle elementor-section-boxed elementor-section-height-default elementor-section-height-default\" data-id=\"38e1912\" data-element_type=\"section\" data-settings=\"{&quot;background_background&quot;:&quot;classic&quot;}\">\n\t\t\t\t\t\t\t<div class=\"elementor-background-overlay\"><\/div>\n\t\t\t\t\t\t\t<div class=\"elementor-container elementor-column-gap-no\">\n\t\t\t\t\t<div class=\"elementor-column elementor-col-100 elementor-top-column elementor-element elementor-element-891b5c3\" data-id=\"891b5c3\" data-element_type=\"column\">\n\t\t\t<div class=\"elementor-widget-wrap elementor-element-populated\">\n\t\t\t\t\t\t\t\t<div class=\"elementor-element elementor-element-2e32b7ff elementor-widget elementor-widget-heading\" data-id=\"2e32b7ff\" data-element_type=\"widget\" data-widget_type=\"heading.default\">\n\t\t\t\t<div class=\"elementor-widget-container\">\n\t\t\t<h2 class=\"elementor-heading-title elementor-size-default\">Das Leben ist zu kurz, um schlecht gelaunt zu sein!<\/h2>\t\t<\/div>\n\t\t\t\t<\/div>\n\t\t\t\t<section class=\"elementor-section elementor-inner-section elementor-element elementor-element-7f4fc62 elementor-section-boxed elementor-section-height-default elementor-section-height-default\" data-id=\"7f4fc62\" data-element_type=\"section\">\n\t\t\t\t\t\t<div class=\"elementor-container elementor-column-gap-default\">\n\t\t\t\t\t<div class=\"elementor-column elementor-col-33 elementor-inner-column elementor-element elementor-element-6e0adb50\" data-id=\"6e0adb50\" data-element_type=\"column\">\n\t\t\t<div class=\"elementor-widget-wrap elementor-element-populated\">\n\t\t\t\t\t\t\t\t<div class=\"elementor-element elementor-element-45c59106 elementor-widget elementor-widget-image\" data-id=\"45c59106\" data-element_type=\"widget\" data-widget_type=\"image.default\">\n\t\t\t\t<div class=\"elementor-widget-container\">\n\t\t\t\t\t\t\t\t\t\t\t\t<figure class=\"wp-caption\">\n\t\t\t\t\t\t\t\t\t\t<img decoding=\"async\" loading=\"lazy\" width=\"300\" height=\"274\" src=\"https:\/\/www.rhinefeierzentrale.de\/rhinefeier1\/wp-content\/uploads\/2020\/10\/Mayrhofen_2019_Schneekar_Selfie-300x274.jpg\" class=\"attachment-medium size-medium wp-image-1756\" alt=\"\" srcset=\"https:\/\/www.rhinefeierzentrale.de\/rhinefeier1\/wp-content\/uploads\/2020\/10\/Mayrhofen_2019_Schneekar_Selfie-300x274.jpg 300w, https:\/\/www.rhinefeierzentrale.de\/rhinefeier1\/wp-content\/uploads\/2020\/10\/Mayrhofen_2019_Schneekar_Selfie.jpg 768w\" sizes=\"(max-width: 300px) 100vw, 300px\" \/>\t\t\t\t\t\t\t\t\t\t\t<figcaption class=\"widget-image-caption wp-caption-text\">Schneekarh\u00fctte, Mittags kurz vor 12, runde 2.400 Meter \u00fcber NN.Gibt es eine sch\u00f6nere Winterbesch\u00e4ftigung?<\/figcaption>\n\t\t\t\t\t\t\t\t\t\t<\/figure>\n\t\t\t\t\t\t\t\t\t<\/div>\n\t\t\t\t<\/div>\n\t\t\t\t\t<\/div>\n\t\t<\/div>\n\t\t\t\t<div class=\"elementor-column elementor-col-33 elementor-inner-column elementor-element elementor-element-59bea9ea\" data-id=\"59bea9ea\" data-element_type=\"column\">\n\t\t\t<div class=\"elementor-widget-wrap elementor-element-populated\">\n\t\t\t\t\t\t\t\t<div class=\"elementor-element elementor-element-4c2710a7 elementor-widget elementor-widget-sina_content_box\" data-id=\"4c2710a7\" data-element_type=\"widget\" data-widget_type=\"sina_content_box.default\">\n\t\t\t\t<div class=\"elementor-widget-container\">\n\t\t\t\t\t<div class=\"sina-content-box clearfix sina-content-box-zoom \">\r\n\r\n\t\t\t\r\n\t\t\t\t\t\t\t<div class=\"sina-ribbon-right\">\r\n\t\t\t\t\tHier zu lesen!\t\t\t\t<\/div>\r\n\t\t\t\r\n\t\t\t\t\t\t\t\t\r\n\t\t\t\t\t<div class=\"sina-content-box-content\">\r\n\t\t\t\t\t\t\t\t\t\t\t\t\t<h3 class=\"sina-content-box-title\">\r\n\t\t\t\t\t\t\t\t\t\t\t\t\t\t\t\t\tIn's & Out's\t\t\t\t\t\t\t\t\t\t\t\t\t\t\t<\/h3>\r\n\t\t\t\t\t\t\r\n\t\t\t\t\t\t\t\t\t\t\t\t\t<div class=\"sina-content-box-desc\">Gleich eins vorweg: Trotzdes Rubrikentitels wird es hier weder Schminktipps mit den aktuellsten Gesichtscremes oder -w\u00e4sserchen geben, noch Kinotipps oder Restaurantkritiken. Nein, hier kommen einfach Alltagsgeschichten rein die total cool oder total \u00e4tzend waren. Eben In oder Out. Das kann ein Urlaubsbericht sein, ein Nachbericht zur letzten Fete, Erlebnisse mit Reiseveranstaltern, Onlineh\u00e4ndlern, T\u00fcrstehern, Veranstaltern oder whatever. Wichtig ist, dass es dem Schreibendem am Ende besser geht, weil er Dampf ablassen konnte. der \u00d6ffentlichkeit, weil sie was gerlent hat, eventuell vor einer gleich geartetem Dummheit bewahrt wurde oder richtig viel Spa\u00df hatte. Denn das Leben ist zu kurz um es mit Tr\u00fcbsal zu verschwenden. Ach ja, beinahe vergessen: Wenn's wieder welche gibt wird sich die ein oder andere Veranstaltung hier auch als Ank\u00fcndigung wiederfinden.<\/div>\t\t\t\t\t\t\r\n\t\t\t\t\t\t\t\t\t\t\t<\/div>\r\n\t\t\t\t\t<\/div><!-- .sina-content-box -->\r\n\t\t\t\t<\/div>\n\t\t\t\t<\/div>\n\t\t\t\t\t<\/div>\n\t\t<\/div>\n\t\t\t\t<div class=\"elementor-column elementor-col-33 elementor-inner-column elementor-element elementor-element-4ba2e8fb\" data-id=\"4ba2e8fb\" data-element_type=\"column\">\n\t\t\t<div class=\"elementor-widget-wrap\">\n\t\t\t\t\t\t\t\t\t<\/div>\n\t\t<\/div>\n\t\t\t\t\t\t\t<\/div>\n\t\t<\/section>\n\t\t\t\t\t<\/div>\n\t\t<\/div>\n\t\t\t\t\t\t\t<\/div>\n\t\t<\/section>\n\t\t\t\t<section class=\"elementor-section elementor-top-section elementor-element elementor-element-16f909a elementor-section-boxed elementor-section-height-default elementor-section-height-default\" data-id=\"16f909a\" data-element_type=\"section\" data-settings=\"{&quot;background_background&quot;:&quot;classic&quot;}\">\n\t\t\t\t\t\t<div class=\"elementor-container elementor-column-gap-default\">\n\t\t\t\t\t<div class=\"elementor-column elementor-col-100 elementor-top-column elementor-element elementor-element-7678453\" data-id=\"7678453\" data-element_type=\"column\">\n\t\t\t<div class=\"elementor-widget-wrap elementor-element-populated\">\n\t\t\t\t\t\t\t\t<div class=\"elementor-element elementor-element-99d7014 elementor-widget elementor-widget-sina_blogpost\" data-id=\"99d7014\" data-element_type=\"widget\" data-widget_type=\"sina_blogpost.default\">\n\t\t\t\t<div class=\"elementor-widget-container\">\n\t\t\t\t\t\t<div class=\"sina-blogpost sina-bp-99d7014\"\r\n\t\t\tdata-uid=\"99d7014\"\r\n\t\t\tdata-offset=\"3\"\r\n\t\t\tdata-posts-data='{\"posts_num\":3,\"offset\":3,\"total_posts\":1,\"layout\":\"list\",\"columns\":null,\"layout_type\":\"custom\",\"custom_columns\":\"12\",\"categories\":[\"9\"],\"tags\":\"\",\"order_by\":\"date\",\"sort\":\"DESC\",\"posts_text\":\"yes\",\"excerpt\":\"yes\",\"content_length\":50,\"posts_meta\":\"yes\",\"thumb_right\":\"\",\"is_thumb\":null,\"read_more_effect\":\"\",\"read_more_text\":\"Weiterlesen\",\"read_more_icon\":\"eicon-tv\",\"read_more_icon_align\":\"left\",\"effects\":\"\",\"cats_position\":\"before\",\"cats_icon\":\"fa fa-folder-open\",\"posts_avatar\":\"\",\"avatar_size\":null,\"read_btn_bg_layer_effects\":\"\",\"bg_layer_effects\":\"\"}'>\r\n\t\t\t\t<div class=\"sina-bp-grid\">\r\n\t\t\t\t\t<div class=\"sina-bp-grid-sizer\"><\/div>\r\n\t\t\t\t\t\t<div class=\"sina-bp-col sina-bp-custom-12 sina-bp-list  \">\r\n\t\t<div class=\"sina-bp \">\r\n\t\t\t<div class=\"sina-bg-thumb sina-bg-cover\"\r\n\t\t\t\t\t\t\t\t\tstyle=\"background-image: url(https:\/\/www.rhinefeierzentrale.de\/rhinefeier1\/wp-content\/uploads\/2020\/11\/Bodensee_1.jpg);\"\r\n\t\t\t\t>\r\n\t\t\t\t<div class=\"sina-overlay\">\r\n\t\t\t\t\t<a href=\"https:\/\/www.rhinefeierzentrale.de\/rhinefeier1\/wenn-einer-eine-reise-tut\/\"><\/a>\r\n\t\t\t\t<\/div>\r\n\t\t\t<\/div>\r\n\t\t\t<div class=\"sina-bp-content\">\r\n\t\t\t\t<div class=\"sina-pb-inner-content\">\r\n\t\t\t\t\t\t\t\t\t\t\t<div class=\"sina-bp-cats\">\r\n\t\t\t\t\t\t\t<span class=\"sina-bp-icon\">\r\n\t\t\t\t\t\t\t\t<i class=\"fa fa-folder-open\"><\/i>\r\n\t\t\t\t\t\t\t<\/span>\r\n\t\t\t\t\t\t\t<a href=\"https:\/\/www.rhinefeierzentrale.de\/rhinefeier1\/category\/insouts\/\" rel=\"category tag\">In' &amp; Out's<\/a>\t\t\t\t\t\t<\/div>\r\n\t\t\t\t\t\t\t\t\t\t<h2 class=\"sina-bp-title\">\r\n\t\t\t\t\t\t<a href=\"https:\/\/www.rhinefeierzentrale.de\/rhinefeier1\/wenn-einer-eine-reise-tut\/\">Wenn einer eine Reise tut&#8230;<\/a>\r\n\t\t\t\t\t<\/h2>\r\n\t\t\t\t\t\r\n\t\t\t\t\t\t\t\t\t\t\t<div class=\"sina-bp-text\">\r\n\t\t\t\t\t\t\tSprechen wir es doch klar und deutlich aus: 2020 ist ein Arschloch-Jahr. Covid-19 hat mehr Pl\u00e4ne zunichte gemacht, Hoffnungen und Tr\u00e4ume zerst\u00f6rt als der Zusammenbruch von Lehman-Brothers, Nick Leson's Spekulationssucht und die geplatzte Dotcom-Blase zusammengenommen. Eine der am h\u00e4rtesten betroffenen Branchen ist die Tourismusindustrie. Von einem Tag auf den anderen&hellip;\t\t\t\t\t\t<\/div>\r\n\t\t\t\t\t\r\n\t\t\t\t\t\t\t\t\t\t\t<div class=\"sina-btn-wrapper\">\r\n\t\t\t\t\t\t\t<a href=\"https:\/\/www.rhinefeierzentrale.de\/rhinefeier1\/wenn-einer-eine-reise-tut\/\" class=\"sina-read-more  \">\r\n\t\t\t\t\t\t\t\t\t\t\t<i class=\"eicon-tv sina-icon-left\"><\/i>\r\n\t\t\t\tWeiterlesen\t\t\t\t\t\t\t\t\t<\/a>\r\n\t\t\t\t\t\t<\/div>\r\n\t\t\t\t\t\t\t\t\t<\/div>\r\n\t\t\t\t\t\t\t\t\t<div class=\"sina-bp-meta\">\r\n\t\t\t\t\t\t\t\t\t\t\t\t\tvon\t\t\t\t\t\t\t\t\t\t\t\t<a href=\"https:\/\/www.rhinefeierzentrale.de\/rhinefeier1\/author\/admin\/\" title=\"Beitr\u00e4ge von Kai Ortmann\" rel=\"author\">Kai Ortmann<\/a>\t\t\t\t\t\t|\r\n\t\t\t\t\t\t20. Oktober 2020\t\t\t\t\t<\/div>\r\n\t\t\t\t\t\t\t<\/div>\r\n\t\t<\/div>\r\n\t<\/div>\r\n\t\t\t\t\t\t\t\t\t<\/div>\r\n\r\n\t\t\t\t\r\n\t\t\t\t\t\t\t\t<input type=\"hidden\" id=\"sina_load_more_posts99d7014\" name=\"sina_load_more_posts99d7014\" value=\"dd61d98cde\" \/><input type=\"hidden\" name=\"_wp_http_referer\" value=\"\/rhinefeier1\/wp-json\/wp\/v2\/pages\/595\" \/>\t\t\t<\/div><!-- .sina-blogpost -->\r\n\t\t\t\t\t<\/div>\n\t\t\t\t<\/div>\n\t\t\t\t\t<\/div>\n\t\t<\/div>\n\t\t\t\t\t\t\t<\/div>\n\t\t<\/section>\n\t\t\t\t\t\t\t<\/div>\n\t\t","protected":false},"excerpt":{"rendered":"<p>Life is a rollercoaster&#8230; In&#8217;s &amp; Out&#8217;s Das Leben ist zu kurz, um schlecht gelaunt zu sein! Schneekarh\u00fctte, Mittags kurz vor 12, runde 2.400 Meter \u00fcber NN.Gibt es eine sch\u00f6nere Winterbesch\u00e4ftigung? Hier zu lesen! In&#8217;s &amp; Out&#8217;s Gleich eins vorweg: Trotzdes Rubrikentitels wird es hier weder Schminktipps mit den aktuellsten Gesichtscremes oder -w\u00e4sserchen geben, noch &hellip;<\/p>\n<p class=\"read-more\"> <a class=\"\" href=\"https:\/\/www.rhinefeierzentrale.de\/rhinefeier1\/wenn-einer-eine-reise-tut\/\"> <span class=\"screen-reader-text\">Wenn einer eine Reise tut&#8230;<\/span> Weiterlesen &raquo;<\/a><\/p>\n","protected":false},"author":1,"featured_media":0,"parent":91,"menu_order":0,"comment_status":"closed","ping_status":"closed","template":"","meta":{"site-sidebar-layout":"no-sidebar","site-content-layout":"page-builder","ast-global-header-display":"","ast-main-header-display":"","ast-hfb-above-header-display":"","ast-hfb-below-header-display":"","ast-hfb-mobile-header-display":"","site-post-title":"disabled","ast-breadcrumbs-content":"","ast-featured-img":"disabled","footer-sml-layout":"","theme-transparent-header-meta":"default","adv-header-id-meta":null,"stick-header-meta":null,"header-above-stick-meta":null,"header-main-stick-meta":null,"header-below-stick-meta":null,"footnotes":""},"_links":{"self":[{"href":"https:\/\/www.rhinefeierzentrale.de\/rhinefeier1\/wp-json\/wp\/v2\/pages\/595"}],"collection":[{"href":"https:\/\/www.rhinefeierzentrale.de\/rhinefeier1\/wp-json\/wp\/v2\/pages"}],"about":[{"href":"https:\/\/www.rhinefeierzentrale.de\/rhinefeier1\/wp-json\/wp\/v2\/types\/page"}],"author":[{"embeddable":true,"href":"https:\/\/www.rhinefeierzentrale.de\/rhinefeier1\/wp-json\/wp\/v2\/users\/1"}],"replies":[{"embeddable":true,"href":"https:\/\/www.rhinefeierzentrale.de\/rhinefeier1\/wp-json\/wp\/v2\/comments?post=595"}],"version-history":[{"count":38,"href":"https:\/\/www.rhinefeierzentrale.de\/rhinefeier1\/wp-json\/wp\/v2\/pages\/595\/revisions"}],"predecessor-version":[{"id":1767,"href":"https:\/\/www.rhinefeierzentrale.de\/rhinefeier1\/wp-json\/wp\/v2\/pages\/595\/revisions\/1767"}],"up":[{"embeddable":true,"href":"https:\/\/www.rhinefeierzentrale.de\/rhinefeier1\/wp-json\/wp\/v2\/pages\/91"}],"wp:attachment":[{"href":"https:\/\/www.rhinefeierzentrale.de\/rhinefeier1\/wp-json\/wp\/v2\/media?parent=595"}],"curies":[{"name":"wp","href":"https:\/\/api.w.org\/{rel}","templated":true}]}}