{"id":615,"date":"2020-10-09T15:32:58","date_gmt":"2020-10-09T13:32:58","guid":{"rendered":"https:\/\/www.rhinefeierzentrale.de\/rhinefeier1\/?page_id=615"},"modified":"2020-11-11T11:49:36","modified_gmt":"2020-11-11T10:49:36","slug":"denken_laeuft","status":"publish","type":"page","link":"https:\/\/www.rhinefeierzentrale.de\/rhinefeier1\/schaltzentrale\/denken_laeuft\/","title":{"rendered":"Denken? L\u00e4uft!"},"content":{"rendered":"\t\t<div data-elementor-type=\"wp-page\" data-elementor-id=\"615\" class=\"elementor elementor-615\" data-elementor-post-type=\"page\">\n\t\t\t\t\t\t\t\t\t<section class=\"elementor-section elementor-top-section elementor-element elementor-element-5419dc6a elementor-section-boxed elementor-section-height-default elementor-section-height-default\" data-id=\"5419dc6a\" data-element_type=\"section\" data-settings=\"{&quot;background_background&quot;:&quot;classic&quot;}\">\n\t\t\t\t\t\t\t<div class=\"elementor-background-overlay\"><\/div>\n\t\t\t\t\t\t\t<div class=\"elementor-container elementor-column-gap-default\">\n\t\t\t\t\t<div class=\"elementor-column elementor-col-33 elementor-top-column elementor-element elementor-element-627d2be3\" data-id=\"627d2be3\" data-element_type=\"column\">\n\t\t\t<div class=\"elementor-widget-wrap\">\n\t\t\t\t\t\t\t\t\t<\/div>\n\t\t<\/div>\n\t\t\t\t<div class=\"elementor-column elementor-col-33 elementor-top-column elementor-element elementor-element-2d17ccd3\" data-id=\"2d17ccd3\" data-element_type=\"column\">\n\t\t\t<div class=\"elementor-widget-wrap elementor-element-populated\">\n\t\t\t\t\t\t\t\t<div class=\"elementor-element elementor-element-20a1895b elementor-widget elementor-widget-heading\" data-id=\"20a1895b\" data-element_type=\"widget\" data-widget_type=\"heading.default\">\n\t\t\t\t<div class=\"elementor-widget-container\">\n\t\t\t<h1 class=\"elementor-heading-title elementor-size-default\">Sabbel nich', dat geit!<\/h1>\t\t<\/div>\n\t\t\t\t<\/div>\n\t\t\t\t<div class=\"elementor-element elementor-element-1853ceb elementor-widget-divider--view-line elementor-widget elementor-widget-divider\" data-id=\"1853ceb\" data-element_type=\"widget\" data-widget_type=\"divider.default\">\n\t\t\t\t<div class=\"elementor-widget-container\">\n\t\t\t\t\t<div class=\"elementor-divider\">\n\t\t\t<span class=\"elementor-divider-separator\">\n\t\t\t\t\t\t<\/span>\n\t\t<\/div>\n\t\t\t\t<\/div>\n\t\t\t\t<\/div>\n\t\t\t\t<div class=\"elementor-element elementor-element-12842851 elementor-widget elementor-widget-text-editor\" data-id=\"12842851\" data-element_type=\"widget\" data-widget_type=\"text-editor.default\">\n\t\t\t\t<div class=\"elementor-widget-container\">\n\t\t\t\t\t\t\t<p>Denken? L\u00e4uft<\/p>\t\t\t\t\t\t<\/div>\n\t\t\t\t<\/div>\n\t\t\t\t\t<\/div>\n\t\t<\/div>\n\t\t\t\t<div class=\"elementor-column elementor-col-33 elementor-top-column elementor-element elementor-element-604cd2e7\" data-id=\"604cd2e7\" data-element_type=\"column\">\n\t\t\t<div class=\"elementor-widget-wrap\">\n\t\t\t\t\t\t\t\t\t<\/div>\n\t\t<\/div>\n\t\t\t\t\t\t\t<\/div>\n\t\t<\/section>\n\t\t\t\t<section class=\"elementor-section elementor-top-section elementor-element elementor-element-4088e249 elementor-section-content-middle elementor-section-boxed elementor-section-height-default elementor-section-height-default\" data-id=\"4088e249\" data-element_type=\"section\" data-settings=\"{&quot;background_background&quot;:&quot;classic&quot;}\">\n\t\t\t\t\t\t\t<div class=\"elementor-background-overlay\"><\/div>\n\t\t\t\t\t\t\t<div class=\"elementor-container elementor-column-gap-no\">\n\t\t\t\t\t<div class=\"elementor-column elementor-col-100 elementor-top-column elementor-element elementor-element-3636fcdc\" data-id=\"3636fcdc\" data-element_type=\"column\">\n\t\t\t<div class=\"elementor-widget-wrap elementor-element-populated\">\n\t\t\t\t\t\t\t\t<div class=\"elementor-element elementor-element-1321df67 elementor-widget elementor-widget-heading\" data-id=\"1321df67\" data-element_type=\"widget\" data-widget_type=\"heading.default\">\n\t\t\t\t<div class=\"elementor-widget-container\">\n\t\t\t<h2 class=\"elementor-heading-title elementor-size-default\">Einf\u00e4lle, Ausf\u00e4lle und Anf\u00e4lle aus dem t\u00e4glichen Leben - gehen wir Gedanken tanken?<\/h2>\t\t<\/div>\n\t\t\t\t<\/div>\n\t\t\t\t<section class=\"elementor-section elementor-inner-section elementor-element elementor-element-76aba041 elementor-section-boxed elementor-section-height-default elementor-section-height-default\" data-id=\"76aba041\" data-element_type=\"section\">\n\t\t\t\t\t\t<div class=\"elementor-container elementor-column-gap-default\">\n\t\t\t\t\t<div class=\"elementor-column elementor-col-33 elementor-inner-column elementor-element elementor-element-301e6d3d\" data-id=\"301e6d3d\" data-element_type=\"column\">\n\t\t\t<div class=\"elementor-widget-wrap elementor-element-populated\">\n\t\t\t\t\t\t\t\t<div class=\"elementor-element elementor-element-52b9e665 elementor-widget elementor-widget-image\" data-id=\"52b9e665\" data-element_type=\"widget\" data-widget_type=\"image.default\">\n\t\t\t\t<div class=\"elementor-widget-container\">\n\t\t\t\t\t\t\t\t\t\t\t\t<figure class=\"wp-caption\">\n\t\t\t\t\t\t\t\t\t\t<img decoding=\"async\" loading=\"lazy\" width=\"768\" height=\"512\" src=\"https:\/\/www.rhinefeierzentrale.de\/rhinefeier1\/wp-content\/uploads\/2020\/10\/Kai-Ortmann-099-768x512.jpg\" class=\"attachment-medium_large size-medium_large wp-image-870\" alt=\"\" srcset=\"https:\/\/www.rhinefeierzentrale.de\/rhinefeier1\/wp-content\/uploads\/2020\/10\/Kai-Ortmann-099-768x512.jpg 768w, https:\/\/www.rhinefeierzentrale.de\/rhinefeier1\/wp-content\/uploads\/2020\/10\/Kai-Ortmann-099-300x200.jpg 300w, https:\/\/www.rhinefeierzentrale.de\/rhinefeier1\/wp-content\/uploads\/2020\/10\/Kai-Ortmann-099-1024x683.jpg 1024w, https:\/\/www.rhinefeierzentrale.de\/rhinefeier1\/wp-content\/uploads\/2020\/10\/Kai-Ortmann-099-1536x1024.jpg 1536w, https:\/\/www.rhinefeierzentrale.de\/rhinefeier1\/wp-content\/uploads\/2020\/10\/Kai-Ortmann-099-2048x1365.jpg 2048w\" sizes=\"(max-width: 768px) 100vw, 768px\" \/>\t\t\t\t\t\t\t\t\t\t\t<figcaption class=\"widget-image-caption wp-caption-text\"><\/figcaption>\n\t\t\t\t\t\t\t\t\t\t<\/figure>\n\t\t\t\t\t\t\t\t\t<\/div>\n\t\t\t\t<\/div>\n\t\t\t\t\t<\/div>\n\t\t<\/div>\n\t\t\t\t<div class=\"elementor-column elementor-col-33 elementor-inner-column elementor-element elementor-element-7c3ed54\" data-id=\"7c3ed54\" data-element_type=\"column\">\n\t\t\t<div class=\"elementor-widget-wrap elementor-element-populated\">\n\t\t\t\t\t\t\t\t<div class=\"elementor-element elementor-element-79520131 elementor-widget elementor-widget-sina_content_box\" data-id=\"79520131\" data-element_type=\"widget\" data-widget_type=\"sina_content_box.default\">\n\t\t\t\t<div class=\"elementor-widget-container\">\n\t\t\t\t\t<div class=\"sina-content-box clearfix sina-content-box-zoom \">\r\n\r\n\t\t\t\r\n\t\t\t\t\t\t\t<div class=\"sina-ribbon-right\">\r\n\t\t\t\t\tHier zu lesen:\t\t\t\t<\/div>\r\n\t\t\t\r\n\t\t\t\t\t\t\t\t\r\n\t\t\t\t\t<div class=\"sina-content-box-content\">\r\n\t\t\t\t\t\t\t\t\t\t\t\t\t<h3 class=\"sina-content-box-title\">\r\n\t\t\t\t\t\t\t\t\t\t\t\t\t\t\t\t\tDenken? L\u00e4uft!\t\t\t\t\t\t\t\t\t\t\t\t\t\t\t<\/h3>\r\n\t\t\t\t\t\t\r\n\t\t\t\t\t\t\t\t\t\t\t\t\t<div class=\"sina-content-box-desc\">Denkende Wesen sind wir alle, manche mehr, manche weniger. Insgesamt glaube ich aber schon, dass die gro\u00dfe Masse der Menschheit ihre Grauzen Zellen auch nutzt. Ich jedenfalls tue es \u2013 insofern werdet Ihr in \"Denken? L\u00e4uft!\" meine Meinung zu einem Potpourri verschiedener Themen vorfinden, die nicht in die anderen Kategorien passen. Dabei nehme ich mir einfach mal die Freiheit, auf der eigenen Website zu reden, wie mir der Schnabel gewachsen ist.<br><br> Ich werde allerdings versuchen, m\u00f6glichst wenig politisches zu bringen. Einige d\u00fcrfte das \u00fcberraschen, aber tasts\u00e4chlich bin ich inzwischen \u00fcberzeugt, dass den meisten Menschen die demokratische Diskussionskultur im Internet v\u00f6llig abhanden kommt. Und ich bin es leid, gegen \"Fake News\"-Rufe, Halbwahrheiten und rein ideologische Argumentationsketten anzuschreiben. Eine weitere Konsequenz daraus: Ich werde die Kommentarfunktion grunds\u00e4tzlich nur sehr selektiv freischalten.<\/div>\t\t\t\t\t\t\r\n\t\t\t\t\t\t\t\t\t\t\t<\/div>\r\n\t\t\t\t\t<\/div><!-- .sina-content-box -->\r\n\t\t\t\t<\/div>\n\t\t\t\t<\/div>\n\t\t\t\t\t<\/div>\n\t\t<\/div>\n\t\t\t\t<div class=\"elementor-column elementor-col-33 elementor-inner-column elementor-element elementor-element-29b55120\" data-id=\"29b55120\" data-element_type=\"column\">\n\t\t\t<div class=\"elementor-widget-wrap\">\n\t\t\t\t\t\t\t\t\t<\/div>\n\t\t<\/div>\n\t\t\t\t\t\t\t<\/div>\n\t\t<\/section>\n\t\t\t\t\t<\/div>\n\t\t<\/div>\n\t\t\t\t\t\t\t<\/div>\n\t\t<\/section>\n\t\t\t\t<section class=\"elementor-section elementor-top-section elementor-element elementor-element-504162e elementor-section-boxed elementor-section-height-default elementor-section-height-default\" data-id=\"504162e\" data-element_type=\"section\" data-settings=\"{&quot;background_background&quot;:&quot;classic&quot;}\">\n\t\t\t\t\t\t<div class=\"elementor-container elementor-column-gap-default\">\n\t\t\t\t\t<div class=\"elementor-column elementor-col-100 elementor-top-column elementor-element elementor-element-8431f79\" data-id=\"8431f79\" data-element_type=\"column\">\n\t\t\t<div class=\"elementor-widget-wrap elementor-element-populated\">\n\t\t\t\t\t\t\t\t<div class=\"elementor-element elementor-element-5a205f7 elementor-widget elementor-widget-sina_blogpost\" data-id=\"5a205f7\" data-element_type=\"widget\" data-widget_type=\"sina_blogpost.default\">\n\t\t\t\t<div class=\"elementor-widget-container\">\n\t\t\t\t\t\t<div class=\"sina-blogpost sina-bp-5a205f7\"\r\n\t\t\tdata-uid=\"5a205f7\"\r\n\t\t\tdata-offset=\"3\"\r\n\t\t\tdata-posts-data='{\"posts_num\":3,\"offset\":3,\"total_posts\":2,\"layout\":\"list\",\"columns\":null,\"layout_type\":\"custom\",\"custom_columns\":\"12\",\"categories\":[\"8\"],\"tags\":\"\",\"order_by\":\"date\",\"sort\":\"DESC\",\"posts_text\":\"yes\",\"excerpt\":\"yes\",\"content_length\":50,\"posts_meta\":\"yes\",\"thumb_right\":\"\",\"is_thumb\":null,\"read_more_effect\":\"\",\"read_more_text\":\"Weiterlesen\",\"read_more_icon\":\"eicon-tv\",\"read_more_icon_align\":\"left\",\"effects\":\"\",\"cats_position\":\"before\",\"cats_icon\":\"fa fa-folder-open\",\"posts_avatar\":\"\",\"avatar_size\":null,\"read_btn_bg_layer_effects\":\"\",\"bg_layer_effects\":\"\"}'>\r\n\t\t\t\t<div class=\"sina-bp-grid\">\r\n\t\t\t\t\t<div class=\"sina-bp-grid-sizer\"><\/div>\r\n\t\t\t\t\t\t<div class=\"sina-bp-col sina-bp-custom-12 sina-bp-list  \">\r\n\t\t<div class=\"sina-bp \">\r\n\t\t\t<div class=\"sina-bg-thumb sina-bg-cover\"\r\n\t\t\t\t\t\t\t\t\tstyle=\"background-image: url(https:\/\/www.rhinefeierzentrale.de\/rhinefeier1\/wp-content\/uploads\/2020\/10\/RidingtheStorm_Titel.jpg);\"\r\n\t\t\t\t>\r\n\t\t\t\t<div class=\"sina-overlay\">\r\n\t\t\t\t\t<a href=\"https:\/\/www.rhinefeierzentrale.de\/rhinefeier1\/riding-the-storm\/\"><\/a>\r\n\t\t\t\t<\/div>\r\n\t\t\t<\/div>\r\n\t\t\t<div class=\"sina-bp-content\">\r\n\t\t\t\t<div class=\"sina-pb-inner-content\">\r\n\t\t\t\t\t\t\t\t\t\t\t<div class=\"sina-bp-cats\">\r\n\t\t\t\t\t\t\t<span class=\"sina-bp-icon\">\r\n\t\t\t\t\t\t\t\t<i class=\"fa fa-folder-open\"><\/i>\r\n\t\t\t\t\t\t\t<\/span>\r\n\t\t\t\t\t\t\t<a href=\"https:\/\/www.rhinefeierzentrale.de\/rhinefeier1\/category\/denkenlaeuft\/\" rel=\"category tag\">Denken? L\u00e4uft!<\/a> | <a href=\"https:\/\/www.rhinefeierzentrale.de\/rhinefeier1\/category\/maritimes\/\" rel=\"category tag\">Maritimes<\/a>\t\t\t\t\t\t<\/div>\r\n\t\t\t\t\t\t\t\t\t\t<h2 class=\"sina-bp-title\">\r\n\t\t\t\t\t\t<a href=\"https:\/\/www.rhinefeierzentrale.de\/rhinefeier1\/riding-the-storm\/\">Riding the storm &#8230;<\/a>\r\n\t\t\t\t\t<\/h2>\r\n\t\t\t\t\t\r\n\t\t\t\t\t\t\t\t\t\t\t<div class=\"sina-bp-text\">\r\n\t\t\t\t\t\t\tAuch wenn es sich auf den ersten Blick um total unterschiedliche Dinge handelt, so haben ein Nordseesturm und die derzeitige Pandemie eines gemeinsam: Sie sind \u2013 auf die ein oder andere Art \u2013 Naturereignisse. Und gegen die Natur k\u00f6nnen wir auf Dauer nicht gewinnen, maximal kurzzeitige Teilerfolge erzielen. Diese verz\u00f6gern&hellip;\t\t\t\t\t\t<\/div>\r\n\t\t\t\t\t\r\n\t\t\t\t\t\t\t\t\t\t\t<div class=\"sina-btn-wrapper\">\r\n\t\t\t\t\t\t\t<a href=\"https:\/\/www.rhinefeierzentrale.de\/rhinefeier1\/riding-the-storm\/\" class=\"sina-read-more  \">\r\n\t\t\t\t\t\t\t\t\t\t\t<i class=\"eicon-tv sina-icon-left\"><\/i>\r\n\t\t\t\tWeiterlesen\t\t\t\t\t\t\t\t\t<\/a>\r\n\t\t\t\t\t\t<\/div>\r\n\t\t\t\t\t\t\t\t\t<\/div>\r\n\t\t\t\t\t\t\t\t\t<div class=\"sina-bp-meta\">\r\n\t\t\t\t\t\t\t\t\t\t\t\t\tvon\t\t\t\t\t\t\t\t\t\t\t\t<a href=\"https:\/\/www.rhinefeierzentrale.de\/rhinefeier1\/author\/admin\/\" title=\"Beitr\u00e4ge von Kai Ortmann\" rel=\"author\">Kai Ortmann<\/a>\t\t\t\t\t\t|\r\n\t\t\t\t\t\t29. Oktober 2020\t\t\t\t\t<\/div>\r\n\t\t\t\t\t\t\t<\/div>\r\n\t\t<\/div>\r\n\t<\/div>\r\n\t<div class=\"sina-bp-col sina-bp-custom- sina-bp-list  \">\r\n\t\t<div class=\"sina-bp \">\r\n\t\t\t<div class=\"sina-bg-thumb sina-bg-cover\"\r\n\t\t\t\t\t\t\t\t\tstyle=\"background-image: url(https:\/\/www.rhinefeierzentrale.de\/rhinefeier1\/wp-content\/uploads\/2020\/10\/Sira_Wuff_WEB_23_Titel.jpg);\"\r\n\t\t\t\t>\r\n\t\t\t\t<div class=\"sina-overlay\">\r\n\t\t\t\t\t<a href=\"https:\/\/www.rhinefeierzentrale.de\/rhinefeier1\/siras-galerie\/\"><\/a>\r\n\t\t\t\t<\/div>\r\n\t\t\t<\/div>\r\n\t\t\t<div class=\"sina-bp-content\">\r\n\t\t\t\t<div class=\"sina-pb-inner-content\">\r\n\t\t\t\t\t\t\t\t\t\t\t<div class=\"sina-bp-cats\">\r\n\t\t\t\t\t\t\t<span class=\"sina-bp-icon\">\r\n\t\t\t\t\t\t\t\t<i class=\"fa fa-folder-open\"><\/i>\r\n\t\t\t\t\t\t\t<\/span>\r\n\t\t\t\t\t\t\t<a href=\"https:\/\/www.rhinefeierzentrale.de\/rhinefeier1\/category\/denkenlaeuft\/\" rel=\"category tag\">Denken? L\u00e4uft!<\/a>\t\t\t\t\t\t<\/div>\r\n\t\t\t\t\t\t\t\t\t\t<h2 class=\"sina-bp-title\">\r\n\t\t\t\t\t\t<a href=\"https:\/\/www.rhinefeierzentrale.de\/rhinefeier1\/siras-galerie\/\">Die kleine Pfote<\/a>\r\n\t\t\t\t\t<\/h2>\r\n\t\t\t\t\t\r\n\t\t\t\t\t\t\t\t\t\t\t<div class=\"sina-bp-text\">\r\n\t\t\t\t\t\t\tWuff, Wau - Miau? Welches Haustier ist f\u00fcr die Kinder am besten geeignet, das war eine Frage, welche die beste Ehefrau von allen (Gru\u00df an Ephraim Kishon) und meine Wenigkeit ziemlich entzweite. Sie war und ist Hunde-, ich Katzenmensch. Aber gegen geballte Kinder- und Frauenpower bin ich schlicht machtlos. Also&hellip;\t\t\t\t\t\t<\/div>\r\n\t\t\t\t\t\r\n\t\t\t\t\t\t\t\t\t\t\t<div class=\"sina-btn-wrapper\">\r\n\t\t\t\t\t\t\t<a href=\"https:\/\/www.rhinefeierzentrale.de\/rhinefeier1\/siras-galerie\/\" class=\"sina-read-more  \">\r\n\t\t\t\t\t\t\t\t\t\t\t<i class=\"eicon-tv sina-icon-left\"><\/i>\r\n\t\t\t\tWeiterlesen\t\t\t\t\t\t\t\t\t<\/a>\r\n\t\t\t\t\t\t<\/div>\r\n\t\t\t\t\t\t\t\t\t<\/div>\r\n\t\t\t\t\t\t\t\t\t<div class=\"sina-bp-meta\">\r\n\t\t\t\t\t\t\t\t\t\t\t\t\tvon\t\t\t\t\t\t\t\t\t\t\t\t<a href=\"https:\/\/www.rhinefeierzentrale.de\/rhinefeier1\/author\/admin\/\" title=\"Beitr\u00e4ge von Kai Ortmann\" rel=\"author\">Kai Ortmann<\/a>\t\t\t\t\t\t|\r\n\t\t\t\t\t\t19. Oktober 2020\t\t\t\t\t<\/div>\r\n\t\t\t\t\t\t\t<\/div>\r\n\t\t<\/div>\r\n\t<\/div>\r\n\t\t\t\t\t\t\t\t\t<\/div>\r\n\r\n\t\t\t\t\r\n\t\t\t\t\t\t\t\t<input type=\"hidden\" id=\"sina_load_more_posts5a205f7\" name=\"sina_load_more_posts5a205f7\" value=\"dd61d98cde\" \/><input type=\"hidden\" name=\"_wp_http_referer\" value=\"\/rhinefeier1\/wp-json\/wp\/v2\/pages\/615\" \/>\t\t\t<\/div><!-- .sina-blogpost -->\r\n\t\t\t\t\t<\/div>\n\t\t\t\t<\/div>\n\t\t\t\t\t<\/div>\n\t\t<\/div>\n\t\t\t\t\t\t\t<\/div>\n\t\t<\/section>\n\t\t\t\t\t\t\t<\/div>\n\t\t","protected":false},"excerpt":{"rendered":"<p>Sabbel nich&#8216;, dat geit! Denken? L\u00e4uft Einf\u00e4lle, Ausf\u00e4lle und Anf\u00e4lle aus dem t\u00e4glichen Leben &#8211; gehen wir Gedanken tanken? Hier zu lesen: Denken? L\u00e4uft! Denkende Wesen sind wir alle, manche mehr, manche weniger. Insgesamt glaube ich aber schon, dass die gro\u00dfe Masse der Menschheit ihre Grauzen Zellen auch nutzt. Ich jedenfalls tue es \u2013 insofern &hellip;<\/p>\n<p class=\"read-more\"> <a class=\"\" href=\"https:\/\/www.rhinefeierzentrale.de\/rhinefeier1\/siras-galerie\/\"> <span class=\"screen-reader-text\">Die kleine Pfote<\/span> Weiterlesen &raquo;<\/a><\/p>\n","protected":false},"author":1,"featured_media":0,"parent":91,"menu_order":0,"comment_status":"closed","ping_status":"closed","template":"","meta":{"site-sidebar-layout":"no-sidebar","site-content-layout":"page-builder","ast-global-header-display":"","ast-main-header-display":"","ast-hfb-above-header-display":"","ast-hfb-below-header-display":"","ast-hfb-mobile-header-display":"","site-post-title":"disabled","ast-breadcrumbs-content":"","ast-featured-img":"disabled","footer-sml-layout":"","theme-transparent-header-meta":"disabled","adv-header-id-meta":null,"stick-header-meta":null,"header-above-stick-meta":null,"header-main-stick-meta":null,"header-below-stick-meta":null,"footnotes":""},"_links":{"self":[{"href":"https:\/\/www.rhinefeierzentrale.de\/rhinefeier1\/wp-json\/wp\/v2\/pages\/615"}],"collection":[{"href":"https:\/\/www.rhinefeierzentrale.de\/rhinefeier1\/wp-json\/wp\/v2\/pages"}],"about":[{"href":"https:\/\/www.rhinefeierzentrale.de\/rhinefeier1\/wp-json\/wp\/v2\/types\/page"}],"author":[{"embeddable":true,"href":"https:\/\/www.rhinefeierzentrale.de\/rhinefeier1\/wp-json\/wp\/v2\/users\/1"}],"replies":[{"embeddable":true,"href":"https:\/\/www.rhinefeierzentrale.de\/rhinefeier1\/wp-json\/wp\/v2\/comments?post=615"}],"version-history":[{"count":42,"href":"https:\/\/www.rhinefeierzentrale.de\/rhinefeier1\/wp-json\/wp\/v2\/pages\/615\/revisions"}],"predecessor-version":[{"id":1877,"href":"https:\/\/www.rhinefeierzentrale.de\/rhinefeier1\/wp-json\/wp\/v2\/pages\/615\/revisions\/1877"}],"up":[{"embeddable":true,"href":"https:\/\/www.rhinefeierzentrale.de\/rhinefeier1\/wp-json\/wp\/v2\/pages\/91"}],"wp:attachment":[{"href":"https:\/\/www.rhinefeierzentrale.de\/rhinefeier1\/wp-json\/wp\/v2\/media?parent=615"}],"curies":[{"name":"wp","href":"https:\/\/api.w.org\/{rel}","templated":true}]}}