{"id":91,"date":"2020-10-13T11:26:53","date_gmt":"2020-10-13T09:26:53","guid":{"rendered":"https:\/\/www.rhinefeierzentrale.de\/rhinefeier1\/?page_id=91"},"modified":"2021-07-13T10:43:19","modified_gmt":"2021-07-13T08:43:19","slug":"schaltzentrale","status":"publish","type":"page","link":"https:\/\/www.rhinefeierzentrale.de\/rhinefeier1\/schaltzentrale\/","title":{"rendered":"Schaltzentrale"},"content":{"rendered":"\t\t<div data-elementor-type=\"wp-page\" data-elementor-id=\"91\" class=\"elementor elementor-91\" data-elementor-post-type=\"page\">\n\t\t\t\t\t\t\t\t\t<section class=\"elementor-section elementor-top-section elementor-element elementor-element-72753ae elementor-section-height-min-height elementor-section-items-bottom elementor-section-boxed elementor-section-height-default\" data-id=\"72753ae\" data-element_type=\"section\" data-settings=\"{&quot;background_background&quot;:&quot;classic&quot;}\">\n\t\t\t\t\t\t\t<div class=\"elementor-background-overlay\"><\/div>\n\t\t\t\t\t\t\t<div class=\"elementor-container elementor-column-gap-default\">\n\t\t\t\t\t<div class=\"elementor-column elementor-col-33 elementor-top-column elementor-element elementor-element-f8b239e\" data-id=\"f8b239e\" data-element_type=\"column\">\n\t\t\t<div class=\"elementor-widget-wrap\">\n\t\t\t\t\t\t\t\t\t<\/div>\n\t\t<\/div>\n\t\t\t\t<div class=\"elementor-column elementor-col-33 elementor-top-column elementor-element elementor-element-31c85ff6\" data-id=\"31c85ff6\" data-element_type=\"column\">\n\t\t\t<div class=\"elementor-widget-wrap elementor-element-populated\">\n\t\t\t\t\t\t\t\t<div class=\"elementor-element elementor-element-42ac0cec elementor-widget elementor-widget-heading\" data-id=\"42ac0cec\" data-element_type=\"widget\" data-widget_type=\"heading.default\">\n\t\t\t\t<div class=\"elementor-widget-container\">\n\t\t\t<h1 class=\"elementor-heading-title elementor-size-default\">Schaltzentrale<\/h1>\t\t<\/div>\n\t\t\t\t<\/div>\n\t\t\t\t<div class=\"elementor-element elementor-element-7d09756b elementor-widget-divider--view-line elementor-widget elementor-widget-divider\" data-id=\"7d09756b\" data-element_type=\"widget\" data-widget_type=\"divider.default\">\n\t\t\t\t<div class=\"elementor-widget-container\">\n\t\t\t\t\t<div class=\"elementor-divider\">\n\t\t\t<span class=\"elementor-divider-separator\">\n\t\t\t\t\t\t<\/span>\n\t\t<\/div>\n\t\t\t\t<\/div>\n\t\t\t\t<\/div>\n\t\t\t\t\t<\/div>\n\t\t<\/div>\n\t\t\t\t<div class=\"elementor-column elementor-col-33 elementor-top-column elementor-element elementor-element-17a0b937\" data-id=\"17a0b937\" data-element_type=\"column\">\n\t\t\t<div class=\"elementor-widget-wrap\">\n\t\t\t\t\t\t\t\t\t<\/div>\n\t\t<\/div>\n\t\t\t\t\t\t\t<\/div>\n\t\t<\/section>\n\t\t\t\t<section class=\"elementor-section elementor-top-section elementor-element elementor-element-c392db5 elementor-section-boxed elementor-section-height-default elementor-section-height-default\" data-id=\"c392db5\" data-element_type=\"section\" data-settings=\"{&quot;background_background&quot;:&quot;gradient&quot;}\">\n\t\t\t\t\t\t<div class=\"elementor-container elementor-column-gap-extended\">\n\t\t\t\t\t<div class=\"elementor-column elementor-col-100 elementor-top-column elementor-element elementor-element-e8c62a3\" data-id=\"e8c62a3\" data-element_type=\"column\">\n\t\t\t<div class=\"elementor-widget-wrap elementor-element-populated\">\n\t\t\t\t\t\t\t\t<section class=\"elementor-section elementor-inner-section elementor-element elementor-element-2e922ae elementor-section-boxed elementor-section-height-default elementor-section-height-default\" data-id=\"2e922ae\" data-element_type=\"section\">\n\t\t\t\t\t\t<div class=\"elementor-container elementor-column-gap-default\">\n\t\t\t\t\t<div class=\"elementor-column elementor-col-50 elementor-inner-column elementor-element elementor-element-38291fe\" data-id=\"38291fe\" data-element_type=\"column\">\n\t\t\t<div class=\"elementor-widget-wrap elementor-element-populated\">\n\t\t\t\t\t\t\t\t<div class=\"elementor-element elementor-element-93200fd elementor-widget elementor-widget-sina_content_box\" data-id=\"93200fd\" data-element_type=\"widget\" data-widget_type=\"sina_content_box.default\">\n\t\t\t\t<div class=\"elementor-widget-container\">\n\t\t\t\t\t<div class=\"sina-content-box clearfix sina-content-box-zoom \">\r\n\r\n\t\t\t\r\n\t\t\t\t\t\t\t<div class=\"sina-ribbon-right\">\r\n\t\t\t\t\tHier zu lesen!\t\t\t\t<\/div>\r\n\t\t\t\r\n\t\t\t\t\t\t\t\t\r\n\t\t\t\t\t<div class=\"sina-content-box-content\">\r\n\t\t\t\t\t\t\t\t\t\t\t\t\t<h3 class=\"sina-content-box-title\">\r\n\t\t\t\t\t\t\t\t\t\t\t\t\t\t\t\t\tHallo zusammen, welcome, welkom, benvenuti, Moin Moin!\t\t\t\t\t\t\t\t\t\t\t\t\t\t\t<\/h3>\r\n\t\t\t\t\t\t\r\n\t\t\t\t\t\t\t\t\t\t\t\t\t<div class=\"sina-content-box-desc\"><p>F\u00fchlt Euch bei der RhineFeierZentrale herzlich begr\u00fc\u00dft, ganz egal ob Ihr absichtlich hier seid, zuf\u00e4llig vorbeikommt oder von \u00fcbel beleumdeten Gesellen verf\u00fchrt oder gar gezwungen wurdet auf diesen Seiten zu st\u00f6bern. Noch ist hier nicht viel drauf, aber wie einst ein ziemlich bekanntes Berliner Pop-Duo dichtete: Es k\u00f6nnt\u2018 ein Anfang sein!<\/p><br> \n<p>Das Ganze ist auch ein bi\u00dfchen Selbstversuch wie oft ich Lust habe was zu schreiben, ob vielleicht andere auch ein wenig was beisteuern wollen, ob ich Lust hab sp\u00e4ter \u2013 nach Corona \u2013 vielleicht Partytipps und -berichte hier einzustellen und so weiter. Alles kann, nichts muss, um ein anderes Bonmot zu bem\u00fchen. F\u00fcr\u2019s erste gibt\u2019s hier vier Kategorien:<\/p><br>\n<ul><li>Denken? L\u00e4uft! \u2013 hier findet sich alles was zum Rest nicht passt, sei es weil mich was politisches aufregt, ich eine Ode an die Freundschaft schreiben will oder sonstwas Aktuelles passiert ist.<\/li><\/ul>\n<ul><li>Luftfahrt \u2013 mein nicht wirklich heimliches Hobby. Keine Ahnung wieviel Luftfahrtblogs\/Zeitungen ich jede Woche lese, aber es sind einige. Und ich gehe f\u00fcr mein Leben gern zu Flugtagen, tue das eigentlich viel zu wenig. Die Bilder davon findet Ihr hier.<\/li><\/ul>\n<ul><li>In\u2019s & Out\u2019s \u2013 hier stehen Dinge die mich ge\u00e4rgert oder die mir echt gut gefallen haben. Reise- und Partyberichte ebenso wie die zugeh\u00f6rigen Bilder d\u00fcrften dort die Masse der Beitr\u00e4ge ausmachen.<\/li><\/ul>\n<ul><li>Maritimes \u2013 das andere Steckenpferd. Ich war zwei Jahre bei der Marine, bin Reserveoffizier und die See \u00fcbt eine gewisse Faszination auf mich aus. Falls ich irgendwann mal wieder zu Kieler Woche oder dem Hamburger Hafengeburtstag fahre gibt\u2019s die Bilder hier.<\/li><\/ul>\n<p>Lob, Tadel & Anmerkungen bitte vorerst \u00fcbers Kontaktformular. Ob ich die Kommentarfunktion live schalte hab\u2018 ich noch nicht entschieden. Und jetzt viel Spa\u00df,<br><\/p>\n<p><h2>Euer Woody<\/h2><\/p><\/div>\t\t\t\t\t\t\r\n\t\t\t\t\t\t\t\t\t\t\t<\/div>\r\n\t\t\t\t\t<\/div><!-- .sina-content-box -->\r\n\t\t\t\t<\/div>\n\t\t\t\t<\/div>\n\t\t\t\t\t<\/div>\n\t\t<\/div>\n\t\t\t\t<div class=\"elementor-column elementor-col-50 elementor-inner-column elementor-element elementor-element-174979d\" data-id=\"174979d\" data-element_type=\"column\">\n\t\t\t<div class=\"elementor-widget-wrap elementor-element-populated\">\n\t\t\t\t\t\t\t\t<div class=\"elementor-element elementor-element-e76e02f elementor-widget elementor-widget-image\" data-id=\"e76e02f\" data-element_type=\"widget\" data-widget_type=\"image.default\">\n\t\t\t\t<div class=\"elementor-widget-container\">\n\t\t\t\t\t\t\t\t\t\t\t\t<figure class=\"wp-caption\">\n\t\t\t\t\t\t\t\t\t\t<img decoding=\"async\" loading=\"lazy\" width=\"284\" height=\"1024\" src=\"https:\/\/www.rhinefeierzentrale.de\/rhinefeier1\/wp-content\/uploads\/2020\/10\/IMG_4432_WEB--284x1024.jpg\" class=\"attachment-large size-large wp-image-34\" alt=\"\" srcset=\"https:\/\/www.rhinefeierzentrale.de\/rhinefeier1\/wp-content\/uploads\/2020\/10\/IMG_4432_WEB--284x1024.jpg 284w, https:\/\/www.rhinefeierzentrale.de\/rhinefeier1\/wp-content\/uploads\/2020\/10\/IMG_4432_WEB--83x300.jpg 83w, https:\/\/www.rhinefeierzentrale.de\/rhinefeier1\/wp-content\/uploads\/2020\/10\/IMG_4432_WEB--426x1536.jpg 426w, https:\/\/www.rhinefeierzentrale.de\/rhinefeier1\/wp-content\/uploads\/2020\/10\/IMG_4432_WEB--scaled.jpg 709w\" sizes=\"(max-width: 284px) 100vw, 284px\" \/>\t\t\t\t\t\t\t\t\t\t\t<figcaption class=\"widget-image-caption wp-caption-text\">Und so fing alles an - damals war das Bild noch als Scherz gedacht, Januar 2020<\/figcaption>\n\t\t\t\t\t\t\t\t\t\t<\/figure>\n\t\t\t\t\t\t\t\t\t<\/div>\n\t\t\t\t<\/div>\n\t\t\t\t\t<\/div>\n\t\t<\/div>\n\t\t\t\t\t\t\t<\/div>\n\t\t<\/section>\n\t\t\t\t\t<\/div>\n\t\t<\/div>\n\t\t\t\t\t\t\t<\/div>\n\t\t<\/section>\n\t\t\t\t<section class=\"elementor-section elementor-top-section elementor-element elementor-element-471b580 elementor-section-boxed elementor-section-height-default elementor-section-height-default\" data-id=\"471b580\" data-element_type=\"section\" data-settings=\"{&quot;background_background&quot;:&quot;gradient&quot;}\">\n\t\t\t\t\t\t<div class=\"elementor-container elementor-column-gap-default\">\n\t\t\t\t\t<div class=\"elementor-column elementor-col-100 elementor-top-column elementor-element elementor-element-0d18163\" data-id=\"0d18163\" data-element_type=\"column\">\n\t\t\t<div class=\"elementor-widget-wrap elementor-element-populated\">\n\t\t\t\t\t\t\t\t<div class=\"elementor-element elementor-element-6361fd2 elementor-widget elementor-widget-sina_blogpost\" data-id=\"6361fd2\" data-element_type=\"widget\" data-widget_type=\"sina_blogpost.default\">\n\t\t\t\t<div class=\"elementor-widget-container\">\n\t\t\t\t\t\t<div class=\"sina-blogpost sina-bp-6361fd2\"\r\n\t\t\tdata-uid=\"6361fd2\"\r\n\t\t\tdata-offset=\"6\"\r\n\t\t\tdata-posts-data='{\"posts_num\":6,\"offset\":6,\"total_posts\":10,\"layout\":\"list\",\"columns\":null,\"layout_type\":\"custom\",\"custom_columns\":\"12\",\"categories\":[],\"tags\":\"\",\"order_by\":\"date\",\"sort\":\"DESC\",\"posts_text\":\"yes\",\"excerpt\":\"yes\",\"content_length\":50,\"posts_meta\":\"yes\",\"thumb_right\":\"\",\"is_thumb\":null,\"read_more_effect\":\"\",\"read_more_text\":\"Weiterlesen\",\"read_more_icon\":\"eicon-tv\",\"read_more_icon_align\":\"left\",\"effects\":\"\",\"cats_position\":\"before\",\"cats_icon\":\"fa fa-folder-open\",\"posts_avatar\":\"\",\"avatar_size\":null,\"read_btn_bg_layer_effects\":\"\",\"bg_layer_effects\":\"\"}'>\r\n\t\t\t\t<div class=\"sina-bp-grid\">\r\n\t\t\t\t\t<div class=\"sina-bp-grid-sizer\"><\/div>\r\n\t\t\t\t\t\t<div class=\"sina-bp-col sina-bp-custom-12 sina-bp-list  \">\r\n\t\t<div class=\"sina-bp \">\r\n\t\t\t<div class=\"sina-bg-thumb sina-bg-cover\"\r\n\t\t\t\t\t\t\t\t\tstyle=\"background-image: url(https:\/\/www.rhinefeierzentrale.de\/rhinefeier1\/wp-content\/uploads\/2020\/12\/Serie_Schleudersitz_Titel_Teil-3.jpg);\"\r\n\t\t\t\t>\r\n\t\t\t\t<div class=\"sina-overlay\">\r\n\t\t\t\t\t<a href=\"https:\/\/www.rhinefeierzentrale.de\/rhinefeier1\/jetzt-aber-raus-da\/\"><\/a>\r\n\t\t\t\t<\/div>\r\n\t\t\t<\/div>\r\n\t\t\t<div class=\"sina-bp-content\">\r\n\t\t\t\t<div class=\"sina-pb-inner-content\">\r\n\t\t\t\t\t\t\t\t\t\t\t<div class=\"sina-bp-cats\">\r\n\t\t\t\t\t\t\t<span class=\"sina-bp-icon\">\r\n\t\t\t\t\t\t\t\t<i class=\"fa fa-folder-open\"><\/i>\r\n\t\t\t\t\t\t\t<\/span>\r\n\t\t\t\t\t\t\t<a href=\"https:\/\/www.rhinefeierzentrale.de\/rhinefeier1\/category\/luftfahrt\/\" rel=\"category tag\">Luftfahrt<\/a>\t\t\t\t\t\t<\/div>\r\n\t\t\t\t\t\t\t\t\t\t<h2 class=\"sina-bp-title\">\r\n\t\t\t\t\t\t<a href=\"https:\/\/www.rhinefeierzentrale.de\/rhinefeier1\/jetzt-aber-raus-da\/\">Jetzt aber raus da!<\/a>\r\n\t\t\t\t\t<\/h2>\r\n\t\t\t\t\t\r\n\t\t\t\t\t\t\t\t\t\t\t<div class=\"sina-bp-text\">\r\n\t\t\t\t\t\t\tHerausschie\u00dfen oder doch sitzenbleiben und noch was versuchen \u2013 das d\u00fcrfte eine der heikelsten Entscheidungen sein, die Piloten von Kampfflugzeugen treffen m\u00fcssen. Insbesondere dann, wenn die Situation nicht ganz eindeutig ist \u2013 auch wenn das selten vorkommt.In den meisten Situationen greift der solide \u00dcberlebensinstinkt, egal ob die Maschine bereits unter&hellip;\t\t\t\t\t\t<\/div>\r\n\t\t\t\t\t\r\n\t\t\t\t\t\t\t\t\t\t\t<div class=\"sina-btn-wrapper\">\r\n\t\t\t\t\t\t\t<a href=\"https:\/\/www.rhinefeierzentrale.de\/rhinefeier1\/jetzt-aber-raus-da\/\" class=\"sina-read-more  \">\r\n\t\t\t\t\t\t\t\t\t\t\t<i class=\"eicon-tv sina-icon-left\"><\/i>\r\n\t\t\t\tWeiterlesen\t\t\t\t\t\t\t\t\t<\/a>\r\n\t\t\t\t\t\t<\/div>\r\n\t\t\t\t\t\t\t\t\t<\/div>\r\n\t\t\t\t\t\t\t\t\t<div class=\"sina-bp-meta\">\r\n\t\t\t\t\t\t\t\t\t\t\t\t\tvon\t\t\t\t\t\t\t\t\t\t\t\t<a href=\"https:\/\/www.rhinefeierzentrale.de\/rhinefeier1\/author\/admin\/\" title=\"Beitr\u00e4ge von Kai Ortmann\" rel=\"author\">Kai Ortmann<\/a>\t\t\t\t\t\t|\r\n\t\t\t\t\t\t22. Juli 2021\t\t\t\t\t<\/div>\r\n\t\t\t\t\t\t\t<\/div>\r\n\t\t<\/div>\r\n\t<\/div>\r\n\t<div class=\"sina-bp-col sina-bp-custom- sina-bp-list  \">\r\n\t\t<div class=\"sina-bp \">\r\n\t\t\t<div class=\"sina-bg-thumb sina-bg-cover\"\r\n\t\t\t\t\t\t\t\t\tstyle=\"background-image: url(https:\/\/www.rhinefeierzentrale.de\/rhinefeier1\/wp-content\/uploads\/2020\/12\/Serie_Schleudersitz_Titel_Teil-2.jpg);\"\r\n\t\t\t\t>\r\n\t\t\t\t<div class=\"sina-overlay\">\r\n\t\t\t\t\t<a href=\"https:\/\/www.rhinefeierzentrale.de\/rhinefeier1\/raketen-sitze\/\"><\/a>\r\n\t\t\t\t<\/div>\r\n\t\t\t<\/div>\r\n\t\t\t<div class=\"sina-bp-content\">\r\n\t\t\t\t<div class=\"sina-pb-inner-content\">\r\n\t\t\t\t\t\t\t\t\t\t\t<div class=\"sina-bp-cats\">\r\n\t\t\t\t\t\t\t<span class=\"sina-bp-icon\">\r\n\t\t\t\t\t\t\t\t<i class=\"fa fa-folder-open\"><\/i>\r\n\t\t\t\t\t\t\t<\/span>\r\n\t\t\t\t\t\t\t<a href=\"https:\/\/www.rhinefeierzentrale.de\/rhinefeier1\/category\/luftfahrt\/\" rel=\"category tag\">Luftfahrt<\/a>\t\t\t\t\t\t<\/div>\r\n\t\t\t\t\t\t\t\t\t\t<h2 class=\"sina-bp-title\">\r\n\t\t\t\t\t\t<a href=\"https:\/\/www.rhinefeierzentrale.de\/rhinefeier1\/raketen-sitze\/\">Raketen-Sitze<\/a>\r\n\t\t\t\t\t<\/h2>\r\n\t\t\t\t\t\r\n\t\t\t\t\t\t\t\t\t\t\t<div class=\"sina-bp-text\">\r\n\t\t\t\t\t\t\tDas Grundproblem \u2013 wie bekomme ich den Piloten aus dem Cockpit, ohne das er lebenswichtige K\u00f6rperteile verliert \u2013 hatten die Konstrukteure von Schleudersitzen gel\u00f6st. Aber wie bekam man die Insassen hoch genug, um ihnen auch bei Unf\u00e4llen am Boden eine Chance zu geben? Mehr Schwarzpulver in die Sitzkartuschen verbot sich&hellip;\t\t\t\t\t\t<\/div>\r\n\t\t\t\t\t\r\n\t\t\t\t\t\t\t\t\t\t\t<div class=\"sina-btn-wrapper\">\r\n\t\t\t\t\t\t\t<a href=\"https:\/\/www.rhinefeierzentrale.de\/rhinefeier1\/raketen-sitze\/\" class=\"sina-read-more  \">\r\n\t\t\t\t\t\t\t\t\t\t\t<i class=\"eicon-tv sina-icon-left\"><\/i>\r\n\t\t\t\tWeiterlesen\t\t\t\t\t\t\t\t\t<\/a>\r\n\t\t\t\t\t\t<\/div>\r\n\t\t\t\t\t\t\t\t\t<\/div>\r\n\t\t\t\t\t\t\t\t\t<div class=\"sina-bp-meta\">\r\n\t\t\t\t\t\t\t\t\t\t\t\t\tvon\t\t\t\t\t\t\t\t\t\t\t\t<a href=\"https:\/\/www.rhinefeierzentrale.de\/rhinefeier1\/author\/admin\/\" title=\"Beitr\u00e4ge von Kai Ortmann\" rel=\"author\">Kai Ortmann<\/a>\t\t\t\t\t\t|\r\n\t\t\t\t\t\t14. Juli 2021\t\t\t\t\t<\/div>\r\n\t\t\t\t\t\t\t<\/div>\r\n\t\t<\/div>\r\n\t<\/div>\r\n\t<div class=\"sina-bp-col sina-bp-custom- sina-bp-list  \">\r\n\t\t<div class=\"sina-bp \">\r\n\t\t\t<div class=\"sina-bg-thumb sina-bg-cover\"\r\n\t\t\t\t\t\t\t\t\tstyle=\"background-image: url(https:\/\/www.rhinefeierzentrale.de\/rhinefeier1\/wp-content\/uploads\/2020\/12\/Serie_Schleudersitz_Titel_Teil-1.jpg);\"\r\n\t\t\t\t>\r\n\t\t\t\t<div class=\"sina-overlay\">\r\n\t\t\t\t\t<a href=\"https:\/\/www.rhinefeierzentrale.de\/rhinefeier1\/und-tschuess\/\"><\/a>\r\n\t\t\t\t<\/div>\r\n\t\t\t<\/div>\r\n\t\t\t<div class=\"sina-bp-content\">\r\n\t\t\t\t<div class=\"sina-pb-inner-content\">\r\n\t\t\t\t\t\t\t\t\t\t\t<div class=\"sina-bp-cats\">\r\n\t\t\t\t\t\t\t<span class=\"sina-bp-icon\">\r\n\t\t\t\t\t\t\t\t<i class=\"fa fa-folder-open\"><\/i>\r\n\t\t\t\t\t\t\t<\/span>\r\n\t\t\t\t\t\t\t<a href=\"https:\/\/www.rhinefeierzentrale.de\/rhinefeier1\/category\/luftfahrt\/\" rel=\"category tag\">Luftfahrt<\/a>\t\t\t\t\t\t<\/div>\r\n\t\t\t\t\t\t\t\t\t\t<h2 class=\"sina-bp-title\">\r\n\t\t\t\t\t\t<a href=\"https:\/\/www.rhinefeierzentrale.de\/rhinefeier1\/und-tschuess\/\">Und Tsch\u00fcss &#8230;<\/a>\r\n\t\t\t\t\t<\/h2>\r\n\t\t\t\t\t\r\n\t\t\t\t\t\t\t\t\t\t\t<div class=\"sina-bp-text\">\r\n\t\t\t\t\t\t\tDas milit\u00e4rische Fliegerei durchaus ein Mehr an Risiko mit sich bringt als die zivile, ist beileibe kein Staatsgeheimnis. Als kleinen Ausgleich haben Kampfflugzeugbesatzungen die M\u00f6glichkeit, ihren fliegenden Untersatz ziemlich rapide zu verlassen. Ein dreiteilige Serie \u00fcber die explosiven Lebensretter.\t\t\t\t\t\t<\/div>\r\n\t\t\t\t\t\r\n\t\t\t\t\t\t\t\t\t\t\t<div class=\"sina-btn-wrapper\">\r\n\t\t\t\t\t\t\t<a href=\"https:\/\/www.rhinefeierzentrale.de\/rhinefeier1\/und-tschuess\/\" class=\"sina-read-more  \">\r\n\t\t\t\t\t\t\t\t\t\t\t<i class=\"eicon-tv sina-icon-left\"><\/i>\r\n\t\t\t\tWeiterlesen\t\t\t\t\t\t\t\t\t<\/a>\r\n\t\t\t\t\t\t<\/div>\r\n\t\t\t\t\t\t\t\t\t<\/div>\r\n\t\t\t\t\t\t\t\t\t<div class=\"sina-bp-meta\">\r\n\t\t\t\t\t\t\t\t\t\t\t\t\tvon\t\t\t\t\t\t\t\t\t\t\t\t<a href=\"https:\/\/www.rhinefeierzentrale.de\/rhinefeier1\/author\/admin\/\" title=\"Beitr\u00e4ge von Kai Ortmann\" rel=\"author\">Kai Ortmann<\/a>\t\t\t\t\t\t|\r\n\t\t\t\t\t\t13. Juli 2021\t\t\t\t\t<\/div>\r\n\t\t\t\t\t\t\t<\/div>\r\n\t\t<\/div>\r\n\t<\/div>\r\n\t<div class=\"sina-bp-col sina-bp-custom- sina-bp-list  \">\r\n\t\t<div class=\"sina-bp \">\r\n\t\t\t<div class=\"sina-bg-thumb sina-bg-cover\"\r\n\t\t\t\t\t\t\t\t\tstyle=\"background-image: url(https:\/\/www.rhinefeierzentrale.de\/rhinefeier1\/wp-content\/uploads\/2020\/11\/Blue-Angels_Leuw-2006_01_72dpi_WEB_Canvas.jpg);\"\r\n\t\t\t\t>\r\n\t\t\t\t<div class=\"sina-overlay\">\r\n\t\t\t\t\t<a href=\"https:\/\/www.rhinefeierzentrale.de\/rhinefeier1\/blue-angels-2006\/\"><\/a>\r\n\t\t\t\t<\/div>\r\n\t\t\t<\/div>\r\n\t\t\t<div class=\"sina-bp-content\">\r\n\t\t\t\t<div class=\"sina-pb-inner-content\">\r\n\t\t\t\t\t\t\t\t\t\t\t<div class=\"sina-bp-cats\">\r\n\t\t\t\t\t\t\t<span class=\"sina-bp-icon\">\r\n\t\t\t\t\t\t\t\t<i class=\"fa fa-folder-open\"><\/i>\r\n\t\t\t\t\t\t\t<\/span>\r\n\t\t\t\t\t\t\t<a href=\"https:\/\/www.rhinefeierzentrale.de\/rhinefeier1\/category\/luftfahrt\/\" rel=\"category tag\">Luftfahrt<\/a>\t\t\t\t\t\t<\/div>\r\n\t\t\t\t\t\t\t\t\t\t<h2 class=\"sina-bp-title\">\r\n\t\t\t\t\t\t<a href=\"https:\/\/www.rhinefeierzentrale.de\/rhinefeier1\/blue-angels-2006\/\">Die echten Top Guns!<\/a>\r\n\t\t\t\t\t<\/h2>\r\n\t\t\t\t\t\r\n\t\t\t\t\t\t\t\t\t\t\t<div class=\"sina-bp-text\">\r\n\t\t\t\t\t\t\tDie beiden Jet-Kunstflugstaffeln der US-Streitkr\u00e4fte haben nicht nur wegen des gigantischen Apparats dahinter eine Sonderstellung unter Teams der NATO, eigentlich sogar der Welt. Was sie zeigen geht regelm\u00e4\u00dfig an die \u00e4u\u00dferste Grenze des menschlich beherrschbaren. Und wird, ganz amerikanisch, mit einer Riesenshow pr\u00e4sentiert. In Europa sind beide Staffeln eher selten&hellip;\t\t\t\t\t\t<\/div>\r\n\t\t\t\t\t\r\n\t\t\t\t\t\t\t\t\t\t\t<div class=\"sina-btn-wrapper\">\r\n\t\t\t\t\t\t\t<a href=\"https:\/\/www.rhinefeierzentrale.de\/rhinefeier1\/blue-angels-2006\/\" class=\"sina-read-more  \">\r\n\t\t\t\t\t\t\t\t\t\t\t<i class=\"eicon-tv sina-icon-left\"><\/i>\r\n\t\t\t\tWeiterlesen\t\t\t\t\t\t\t\t\t<\/a>\r\n\t\t\t\t\t\t<\/div>\r\n\t\t\t\t\t\t\t\t\t<\/div>\r\n\t\t\t\t\t\t\t\t\t<div class=\"sina-bp-meta\">\r\n\t\t\t\t\t\t\t\t\t\t\t\t\tvon\t\t\t\t\t\t\t\t\t\t\t\t<a href=\"https:\/\/www.rhinefeierzentrale.de\/rhinefeier1\/author\/admin\/\" title=\"Beitr\u00e4ge von Kai Ortmann\" rel=\"author\">Kai Ortmann<\/a>\t\t\t\t\t\t|\r\n\t\t\t\t\t\t11. November 2020\t\t\t\t\t<\/div>\r\n\t\t\t\t\t\t\t<\/div>\r\n\t\t<\/div>\r\n\t<\/div>\r\n\t<div class=\"sina-bp-col sina-bp-custom- sina-bp-list  \">\r\n\t\t<div class=\"sina-bp \">\r\n\t\t\t<div class=\"sina-bg-thumb sina-bg-cover\"\r\n\t\t\t\t\t\t\t\t\tstyle=\"background-image: url(https:\/\/www.rhinefeierzentrale.de\/rhinefeier1\/wp-content\/uploads\/2020\/10\/RidingtheStorm_Titel.jpg);\"\r\n\t\t\t\t>\r\n\t\t\t\t<div class=\"sina-overlay\">\r\n\t\t\t\t\t<a href=\"https:\/\/www.rhinefeierzentrale.de\/rhinefeier1\/riding-the-storm\/\"><\/a>\r\n\t\t\t\t<\/div>\r\n\t\t\t<\/div>\r\n\t\t\t<div class=\"sina-bp-content\">\r\n\t\t\t\t<div class=\"sina-pb-inner-content\">\r\n\t\t\t\t\t\t\t\t\t\t\t<div class=\"sina-bp-cats\">\r\n\t\t\t\t\t\t\t<span class=\"sina-bp-icon\">\r\n\t\t\t\t\t\t\t\t<i class=\"fa fa-folder-open\"><\/i>\r\n\t\t\t\t\t\t\t<\/span>\r\n\t\t\t\t\t\t\t<a href=\"https:\/\/www.rhinefeierzentrale.de\/rhinefeier1\/category\/denkenlaeuft\/\" rel=\"category tag\">Denken? L\u00e4uft!<\/a> | <a href=\"https:\/\/www.rhinefeierzentrale.de\/rhinefeier1\/category\/maritimes\/\" rel=\"category tag\">Maritimes<\/a>\t\t\t\t\t\t<\/div>\r\n\t\t\t\t\t\t\t\t\t\t<h2 class=\"sina-bp-title\">\r\n\t\t\t\t\t\t<a href=\"https:\/\/www.rhinefeierzentrale.de\/rhinefeier1\/riding-the-storm\/\">Riding the storm &#8230;<\/a>\r\n\t\t\t\t\t<\/h2>\r\n\t\t\t\t\t\r\n\t\t\t\t\t\t\t\t\t\t\t<div class=\"sina-bp-text\">\r\n\t\t\t\t\t\t\tAuch wenn es sich auf den ersten Blick um total unterschiedliche Dinge handelt, so haben ein Nordseesturm und die derzeitige Pandemie eines gemeinsam: Sie sind \u2013 auf die ein oder andere Art \u2013 Naturereignisse. Und gegen die Natur k\u00f6nnen wir auf Dauer nicht gewinnen, maximal kurzzeitige Teilerfolge erzielen. Diese verz\u00f6gern&hellip;\t\t\t\t\t\t<\/div>\r\n\t\t\t\t\t\r\n\t\t\t\t\t\t\t\t\t\t\t<div class=\"sina-btn-wrapper\">\r\n\t\t\t\t\t\t\t<a href=\"https:\/\/www.rhinefeierzentrale.de\/rhinefeier1\/riding-the-storm\/\" class=\"sina-read-more  \">\r\n\t\t\t\t\t\t\t\t\t\t\t<i class=\"eicon-tv sina-icon-left\"><\/i>\r\n\t\t\t\tWeiterlesen\t\t\t\t\t\t\t\t\t<\/a>\r\n\t\t\t\t\t\t<\/div>\r\n\t\t\t\t\t\t\t\t\t<\/div>\r\n\t\t\t\t\t\t\t\t\t<div class=\"sina-bp-meta\">\r\n\t\t\t\t\t\t\t\t\t\t\t\t\tvon\t\t\t\t\t\t\t\t\t\t\t\t<a href=\"https:\/\/www.rhinefeierzentrale.de\/rhinefeier1\/author\/admin\/\" title=\"Beitr\u00e4ge von Kai Ortmann\" rel=\"author\">Kai Ortmann<\/a>\t\t\t\t\t\t|\r\n\t\t\t\t\t\t29. Oktober 2020\t\t\t\t\t<\/div>\r\n\t\t\t\t\t\t\t<\/div>\r\n\t\t<\/div>\r\n\t<\/div>\r\n\t<div class=\"sina-bp-col sina-bp-custom- sina-bp-list  \">\r\n\t\t<div class=\"sina-bp \">\r\n\t\t\t<div class=\"sina-bg-thumb sina-bg-cover\"\r\n\t\t\t\t\t\t\t\t\tstyle=\"background-image: url(https:\/\/www.rhinefeierzentrale.de\/rhinefeier1\/wp-content\/uploads\/2020\/10\/Vokel_AirDay_2019_K_470872dpi__WEB.jpg);\"\r\n\t\t\t\t>\r\n\t\t\t\t<div class=\"sina-overlay\">\r\n\t\t\t\t\t<a href=\"https:\/\/www.rhinefeierzentrale.de\/rhinefeier1\/tiger-uno-commencing\/\"><\/a>\r\n\t\t\t\t<\/div>\r\n\t\t\t<\/div>\r\n\t\t\t<div class=\"sina-bp-content\">\r\n\t\t\t\t<div class=\"sina-pb-inner-content\">\r\n\t\t\t\t\t\t\t\t\t\t\t<div class=\"sina-bp-cats\">\r\n\t\t\t\t\t\t\t<span class=\"sina-bp-icon\">\r\n\t\t\t\t\t\t\t\t<i class=\"fa fa-folder-open\"><\/i>\r\n\t\t\t\t\t\t\t<\/span>\r\n\t\t\t\t\t\t\t<a href=\"https:\/\/www.rhinefeierzentrale.de\/rhinefeier1\/category\/luftfahrt\/\" rel=\"category tag\">Luftfahrt<\/a>\t\t\t\t\t\t<\/div>\r\n\t\t\t\t\t\t\t\t\t\t<h2 class=\"sina-bp-title\">\r\n\t\t\t\t\t\t<a href=\"https:\/\/www.rhinefeierzentrale.de\/rhinefeier1\/tiger-uno-commencing\/\">&#8222;Tiger Uno, commencing!&#8220;<\/a>\r\n\t\t\t\t\t<\/h2>\r\n\t\t\t\t\t\r\n\t\t\t\t\t\t\t\t\t\t\t<div class=\"sina-bp-text\">\r\n\t\t\t\t\t\t\t\u00c4u\u00dferlich scheinen die Grundmuster der Vorstellungen durchaus \u00e4hnlich, aber bei einem Blick hinter die Kulissen sind die Unterschiede eklatant: Die Patrouille Suisse ist eigentlich mit kaum einer anderen Milit\u00e4rkunstflugstaffel vergleichbar. Das f\u00e4ngt schon beim \u00dcbungsterrain an, drehen die Schweizer ihre Loopings, Rolls und Kehrtkurven doch zwischen steilen Bergh\u00e4ngen. Aber auch&hellip;\t\t\t\t\t\t<\/div>\r\n\t\t\t\t\t\r\n\t\t\t\t\t\t\t\t\t\t\t<div class=\"sina-btn-wrapper\">\r\n\t\t\t\t\t\t\t<a href=\"https:\/\/www.rhinefeierzentrale.de\/rhinefeier1\/tiger-uno-commencing\/\" class=\"sina-read-more  \">\r\n\t\t\t\t\t\t\t\t\t\t\t<i class=\"eicon-tv sina-icon-left\"><\/i>\r\n\t\t\t\tWeiterlesen\t\t\t\t\t\t\t\t\t<\/a>\r\n\t\t\t\t\t\t<\/div>\r\n\t\t\t\t\t\t\t\t\t<\/div>\r\n\t\t\t\t\t\t\t\t\t<div class=\"sina-bp-meta\">\r\n\t\t\t\t\t\t\t\t\t\t\t\t\tvon\t\t\t\t\t\t\t\t\t\t\t\t<a href=\"https:\/\/www.rhinefeierzentrale.de\/rhinefeier1\/author\/admin\/\" title=\"Beitr\u00e4ge von Kai Ortmann\" rel=\"author\">Kai Ortmann<\/a>\t\t\t\t\t\t|\r\n\t\t\t\t\t\t26. Oktober 2020\t\t\t\t\t<\/div>\r\n\t\t\t\t\t\t\t<\/div>\r\n\t\t<\/div>\r\n\t<\/div>\r\n\t\t\t\t\t\t\t\t\t<\/div>\r\n\r\n\t\t\t\t\t\t\t\t\t<div class=\"sina-load-more\">\r\n\t\t\t\t\t\t<button class=\"sina-button sina-load-more-btn \">\r\n\t\t\t\t\t\t\tWeiterlesen\t\t\t\t\t\t<\/button>\r\n\t\t\t\t\t<\/div>\r\n\t\t\t\t\r\n\t\t\t\t\t\t\t\t<input type=\"hidden\" id=\"sina_load_more_posts6361fd2\" name=\"sina_load_more_posts6361fd2\" value=\"dd61d98cde\" \/><input type=\"hidden\" name=\"_wp_http_referer\" value=\"\/rhinefeier1\/wp-json\/wp\/v2\/pages\/91\" \/>\t\t\t<\/div><!-- .sina-blogpost -->\r\n\t\t\t\t\t<\/div>\n\t\t\t\t<\/div>\n\t\t\t\t\t<\/div>\n\t\t<\/div>\n\t\t\t\t\t\t\t<\/div>\n\t\t<\/section>\n\t\t\t\t\t\t\t<\/div>\n\t\t","protected":false},"excerpt":{"rendered":"<p>Schaltzentrale Hier zu lesen! Hallo zusammen, welcome, welkom, benvenuti, Moin Moin! F\u00fchlt Euch bei der RhineFeierZentrale herzlich begr\u00fc\u00dft, ganz egal ob Ihr absichtlich hier seid, zuf\u00e4llig vorbeikommt oder von \u00fcbel beleumdeten Gesellen verf\u00fchrt oder gar gezwungen wurdet auf diesen Seiten zu st\u00f6bern. Noch ist hier nicht viel drauf, aber wie einst ein ziemlich bekanntes Berliner &hellip;<\/p>\n<p class=\"read-more\"> <a class=\"\" href=\"https:\/\/www.rhinefeierzentrale.de\/rhinefeier1\/tiger-uno-commencing\/\"> <span class=\"screen-reader-text\">&#8222;Tiger Uno, commencing!&#8220;<\/span> Weiterlesen &raquo;<\/a><\/p>\n","protected":false},"author":1,"featured_media":0,"parent":0,"menu_order":0,"comment_status":"closed","ping_status":"closed","template":"","meta":{"site-sidebar-layout":"no-sidebar","site-content-layout":"page-builder","ast-global-header-display":"","ast-main-header-display":"","ast-hfb-above-header-display":"","ast-hfb-below-header-display":"","ast-hfb-mobile-header-display":"","site-post-title":"disabled","ast-breadcrumbs-content":"","ast-featured-img":"disabled","footer-sml-layout":"","theme-transparent-header-meta":"default","adv-header-id-meta":null,"stick-header-meta":null,"header-above-stick-meta":null,"header-main-stick-meta":null,"header-below-stick-meta":null,"footnotes":""},"_links":{"self":[{"href":"https:\/\/www.rhinefeierzentrale.de\/rhinefeier1\/wp-json\/wp\/v2\/pages\/91"}],"collection":[{"href":"https:\/\/www.rhinefeierzentrale.de\/rhinefeier1\/wp-json\/wp\/v2\/pages"}],"about":[{"href":"https:\/\/www.rhinefeierzentrale.de\/rhinefeier1\/wp-json\/wp\/v2\/types\/page"}],"author":[{"embeddable":true,"href":"https:\/\/www.rhinefeierzentrale.de\/rhinefeier1\/wp-json\/wp\/v2\/users\/1"}],"replies":[{"embeddable":true,"href":"https:\/\/www.rhinefeierzentrale.de\/rhinefeier1\/wp-json\/wp\/v2\/comments?post=91"}],"version-history":[{"count":50,"href":"https:\/\/www.rhinefeierzentrale.de\/rhinefeier1\/wp-json\/wp\/v2\/pages\/91\/revisions"}],"predecessor-version":[{"id":2351,"href":"https:\/\/www.rhinefeierzentrale.de\/rhinefeier1\/wp-json\/wp\/v2\/pages\/91\/revisions\/2351"}],"wp:attachment":[{"href":"https:\/\/www.rhinefeierzentrale.de\/rhinefeier1\/wp-json\/wp\/v2\/media?parent=91"}],"curies":[{"name":"wp","href":"https:\/\/api.w.org\/{rel}","templated":true}]}}